{"id":2680,"date":"2023-01-22T18:28:54","date_gmt":"2023-01-22T09:28:54","guid":{"rendered":"https:\/\/lifejr.com\/cuoc-dieu-tra\/"},"modified":"2023-06-23T17:57:42","modified_gmt":"2023-06-23T08:57:42","slug":"cuoc-dieu-tra","status":"publish","type":"page","link":"https:\/\/lifejr.com\/vi\/","title":{"rendered":"Y\u00eau c\u1ea7u"},"content":{"rendered":"\n<p class=\"has-text-align-center has-sm-medium-font-size\"><strong><span style=\"background-image: linear-gradient(transparent 60%, rgba(252, 185, 0, 0.5) 60%)\" class=\"sme-highlighter\">Y\u00eau c\u1ea7u<\/span> \/ <span style=\"background-image: linear-gradient(transparent 60%, rgba(51, 161, 219, 0.5) 60%)\" class=\"sme-highlighter\">Y\u00eau c\u1ea7u t\u00e0i li\u1ec7u<\/span><\/strong><br>Vui l\u00f2ng ch\u1ecdn m\u1ed9t.<\/p>\n\n\n\n<div style=\"height:60px\" aria-hidden=\"true\" class=\"wp-block-spacer\"><\/div>\n\n\n\n<div class=\"wp-block-snow-monkey-blocks-tabs smb-tabs is-style-default\" data-tabs-id=\"471a0ae1-ac46-433e-bfb3-286d4c5f54ab\" data-orientation=\"horizontal\" data-match-height=\"false\" data-tabs-justification=\"center\"><div class=\"smb-tabs__tabs\"><div class=\"smb-tabs__tab-wrapper\"><button class=\"smb-tabs__tab\" role=\"tab\" aria-controls=\"block-7c0ebad2-6083-4b0c-83d7-46b2e7080356\" aria-selected=\"true\"><strong><span class=\"sme-font-size has-sm-large-font-size\"><span style=\"background-image: linear-gradient(transparent 60%, rgba(252, 185, 0, 0.5) 60%)\" class=\"sme-highlighter\"><strong><span style=\"background-image: linear-gradient(transparent 60%, rgba(252, 185, 0, 0.5) 60%)\" class=\"sme-highlighter\">Y\u00eau c\u1ea7u<\/span><\/strong><\/span><\/span><\/strong><\/button><\/div><div class=\"smb-tabs__tab-wrapper\"><button class=\"smb-tabs__tab\" role=\"tab\" aria-controls=\"block-f3ed0384-376e-4d83-bd1e-3883b3ff6b5f\" aria-selected=\"false\"><span class=\"sme-font-size has-sm-large-font-size\"><span style=\"background-image: linear-gradient(transparent 60%, rgba(51, 161, 219, 0.5) 60%)\" class=\"sme-highlighter\"><strong>y\u00eau c\u1ea7u t\u00e0i li\u1ec7u<\/strong><\/span><\/span><\/button><\/div><\/div><div class=\"smb-tabs__body\">\n<div class=\"wp-block-snow-monkey-blocks-tab-panel smb-tab-panel\" id=\"block-7c0ebad2-6083-4b0c-83d7-46b2e7080356\" aria-hidden=\"false\" role=\"tabpanel\"><div class=\"smb-tab-panel__body\">\n<div style=\"height:60px\" aria-hidden=\"true\" class=\"wp-block-spacer\"><\/div>\n\n\n\n<h2 class=\"wp-block-heading has-text-align-center\">m\u1eabu y\u00eau c\u1ea7u<\/h2>\n\n\n\n<p class=\"has-text-align-center\">B\u1ea1n c\u00f3 th\u1ec3 li\u00ean h\u1ec7 v\u1edbi ch\u00fang t\u00f4i b\u1eb1ng c\u00e1ch s\u1eed d\u1ee5ng m\u1eabu d\u01b0\u1edbi \u0111\u00e2y.<br>Xin vui l\u00f2ng li\u00ean h\u1ec7 v\u1edbi ch\u00fang t\u00f4i sau khi nh\u1eadp c\u00e1c th\u00f4ng tin c\u1ea7n thi\u1ebft. Ch\u00fang t\u00f4i s\u1ebd li\u00ean h\u1ec7 v\u1edbi b\u1ea1n qua email trong th\u1eddi gian ng\u1eafn.<\/p>\n\n\n\n<div style=\"height:100px\" aria-hidden=\"true\" class=\"wp-block-spacer\"><\/div>\n\n\n\n<form class=\"snow-monkey-form\" id=\"snow-monkey-form-31\" method=\"post\" action=\"\"  enctype=\"multipart\/form-data\" data-screen=\"input\">\n\t<div class=\"smf-focus-point\" aria-hidden=\"true\"><\/div>\n\n\t\t\t<ol class=\"smf-progress-tracker\">\n\t\t\t<li class=\"smf-progress-tracker__item smf-progress-tracker__item--input\">\n\t\t\t\t<div class=\"smf-progress-tracker__item__number\">\n\t\t\t\t\t1\t\t\t\t<\/div>\n\t\t\t\t<div class=\"smf-progress-tracker__item__text\">\n\t\t\t\t\tInput\t\t\t\t<\/div>\n\t\t\t<\/li>\n\n\t\t\t\t\t\t\t<li class=\"smf-progress-tracker__item smf-progress-tracker__item--confirm\">\n\t\t\t\t\t<div class=\"smf-progress-tracker__item__number\">\n\t\t\t\t\t\t2\t\t\t\t\t<\/div>\n\t\t\t\t\t<div class=\"smf-progress-tracker__item__text\">\n\t\t\t\t\t\tConfirm\t\t\t\t\t<\/div>\n\t\t\t\t<\/li>\n\t\t\t\n\t\t\t<li class=\"smf-progress-tracker__item smf-progress-tracker__item--complete\">\n\t\t\t\t<div class=\"smf-progress-tracker__item__number\">\n\t\t\t\t\t\t\t\t\t\t\t3\t\t\t\t\t\t\t\t\t<\/div>\n\t\t\t\t<div class=\"smf-progress-tracker__item__text\">\n\t\t\t\t\tComplete\t\t\t\t<\/div>\n\t\t\t<\/li>\n\t\t<\/ol>\n\t\n\t\n<div class=\"smf-form smf-form--business\">\n<div class=\"wp-block-snow-monkey-forms-item smf-item\"><div class=\"smf-item__col smf-item__col--label\"><div class=\"smf-item__label\"><span class=\"smf-item__label__text\">t\u00ean<\/span><\/div><\/div><div class=\"smf-item__col smf-item__col--controls\"><div class=\"smf-item__controls\">\n<div class=\"smf-placeholder\" data-name=\"fullname\">\n\t<div class=\"smf-text-control\">\n\t\t\t\t<input type=\"text\" name=\"fullname\" value=\"\" class=\"smf-text-control__control\">\n\t\t\t<\/div>\n\t\t\t<\/div>\n<\/div><\/div><\/div>\n\n\n\n<div class=\"wp-block-snow-monkey-forms-item smf-item\"><div class=\"smf-item__col smf-item__col--label\"><div class=\"smf-item__label\"><span class=\"smf-item__label__text\">\u0111\u1ecba ch\u1ec9 th\u01b0 \u0111i\u1ec7n t\u1eed<\/span><\/div><\/div><div class=\"smf-item__col smf-item__col--controls\"><div class=\"smf-item__controls\">\n<div class=\"smf-placeholder\" data-name=\"email\">\n\t<div class=\"smf-text-control\">\n\t\t\t\t<input type=\"email\" autocomplete=\"email\" name=\"email\" value=\"\" class=\"smf-text-control__control\">\n\t\t\t<\/div>\n\t\t\t<\/div>\n<\/div><\/div><\/div>\n\n\n\n<div class=\"wp-block-snow-monkey-forms-item smf-item\"><div class=\"smf-item__col smf-item__col--label\"><div class=\"smf-item__label\"><span class=\"smf-item__label__text\">X\u00e1c nh\u1eadn \u0111\u1ecba ch\u1ec9 email<\/span><\/div><\/div><div class=\"smf-item__col smf-item__col--controls\"><div class=\"smf-item__controls\">\n<div class=\"smf-placeholder\" data-name=\"email2\">\n\t<div class=\"smf-text-control\">\n\t\t\t\t<input type=\"email\" autocomplete=\"email\" name=\"email2\" value=\"\" class=\"smf-text-control__control\">\n\t\t\t<\/div>\n\t\t\t<\/div>\n<\/div><\/div><\/div>\n\n\n\n<div class=\"wp-block-snow-monkey-forms-item smf-item\"><div class=\"smf-item__col smf-item__col--label\"><div class=\"smf-item__label\"><span class=\"smf-item__label__text\">S\u1ed1 \u0111i\u1ec7n tho\u1ea1i<\/span><\/div><\/div><div class=\"smf-item__col smf-item__col--controls\"><div class=\"smf-item__controls\">\n<div class=\"smf-placeholder\" data-name=\"tel\">\n\t<div class=\"smf-text-control\">\n\t\t\t\t<input type=\"tel\" name=\"tel\" value=\"\" autocomplete=\"tel-national\" class=\"smf-text-control__control\">\n\t\t\t<\/div>\n\t\t\t<\/div>\n<\/div><\/div><\/div>\n\n\n\n<div class=\"wp-block-snow-monkey-forms-item smf-item\"><div class=\"smf-item__col smf-item__col--label\"><div class=\"smf-item__label\"><span class=\"smf-item__label__text\">Qu\u1ed1c t\u1ecbch<\/span><\/div><\/div><div class=\"smf-item__col smf-item__col--controls\"><div class=\"smf-item__controls\">\n<div class=\"smf-placeholder\" data-name=\"country\">\n\t<div class=\"smf-text-control\">\n\t\t\t\t<input type=\"text\" name=\"country\" value=\"\" class=\"smf-text-control__control\">\n\t\t\t<\/div>\n\t\t\t<\/div>\n<\/div><\/div><\/div>\n\n\n\n<div class=\"wp-block-snow-monkey-forms-item smf-item\"><div class=\"smf-item__col smf-item__col--label\"><div class=\"smf-item__label\"><span class=\"smf-item__label__text\">N\u1ed9i dung \u0111i\u1ec1u tra<\/span><\/div><\/div><div class=\"smf-item__col smf-item__col--controls\"><div class=\"smf-item__controls\">\n<div class=\"smf-placeholder\" data-name=\"message\">\n\t<div class=\"smf-textarea-control\">\n\t\t\t\t<textarea name=\"message\" rows=\"5\" class=\"smf-textarea-control__control\"><\/textarea>\n\t\t\t<\/div>\n\t\t\t<\/div>\n<\/div><\/div><\/div>\n<\/div>\n\n\t<div class=\"smf-action\">\n\t\t<span class=\"smf-button-control\">\n\t\t\t\t<button type=\"submit\" class=\"smf-button-control__control\" data-action=\"confirm\">Confirm<span class=\"smf-sending\" aria-hidden=\"true\"><\/span><\/button>\n\t\t\t<\/span><input type=\"hidden\" name=\"snow-monkey-forms-meta[method]\" value=\"confirm\">\t<\/div>\n\n\t<div class=\"smf-system-error-content-ready\">\n\t\tAn unexpected problem has occurred.Please try again later or contact your administrator by other means.\t<\/div>\n\n\t<input type=\"hidden\" name=\"snow-monkey-forms-meta[formid]\" value=\"31\">\t<input type=\"hidden\" name=\"snow-monkey-forms-meta[token]\" value=\"9d3fe5d5766c464953e85320e621381edbdb403f7cae8a2dc7a60755c69dbd61\">\t<\/form>\n<\/div><\/div>\n\n\n\n<div class=\"wp-block-snow-monkey-blocks-tab-panel smb-tab-panel\" id=\"block-f3ed0384-376e-4d83-bd1e-3883b3ff6b5f\" aria-hidden=\"true\" role=\"tabpanel\"><div class=\"smb-tab-panel__body\">\n<div class=\"wp-block-snow-monkey-blocks-section alignfull smb-section smb-section--fit\" style=\"--smb-section--background-color:#ddecf4\"><div class=\"smb-section__fixed-background\"><div class=\"smb-section__background\"><\/div><\/div><div class=\"smb-section__inner\"><div class=\"c-container\"><div class=\"smb-section__contents-wrapper\"><div class=\"smb-section__body\">\n<h2 class=\"wp-block-heading has-text-align-center\">Nh\u1ea5n v\u00e0o \u0111\u00e2y \u0111\u1ec3 y\u00eau c\u1ea7u t\u00e0i li\u1ec7u<\/h2>\n\n\n\n<p class=\"has-text-align-center\">Nh\u1ea5p v\u00e0o n\u00fat b\u00ean d\u01b0\u1edbi \u0111\u1ec3 t\u1ea3i xu\u1ed1ng.<\/p>\n\n\n\n<hr class=\"wp-block-separator has-text-color has-sm-gray-color has-alpha-channel-opacity has-sm-gray-background-color has-background\"\/>\n\n\n\n<h3 class=\"wp-block-heading has-text-align-center\">k\u00fd hi\u1ec7u ti\u1ebfng Nh\u1eadt<br>T\u1ea3i t\u00e0i li\u1ec7u kh\u00f3a h\u1ecdc du h\u1ecdc (d\u1ea1ng PDF)<\/h3>\n\n\n<div class=\"sdm_download_button_box_default\"><div class=\"sdm_download_link\"><a href=\"https:\/\/lifejr.com\/vi\/\/?sdm_process_download=1&download_id=1565\" class=\"sdm_download blue\" title=\"\u65e5\u672c\u8a9e\" >Download<\/a><\/div><\/div>\n\n\n\n<hr class=\"wp-block-separator has-text-color has-sm-gray-color has-alpha-channel-opacity has-sm-gray-background-color has-background\"\/>\n\n\n\n<h3 class=\"wp-block-heading has-text-align-center\">K\u00fd hi\u1ec7u ti\u1ebfng Trung (gi\u1ea3n th\u1ec3)<br>T\u1ea3i t\u00e0i li\u1ec7u kh\u00f3a h\u1ecdc du h\u1ecdc (d\u1ea1ng PDF)<\/h3>\n\n\n<div class=\"sdm_download_button_box_default\"><div class=\"sdm_download_link\"><a href=\"https:\/\/lifejr.com\/vi\/\/?sdm_process_download=1&download_id=1573\" class=\"sdm_download blue\" title=\"\u4e2d\u56fd\u8a9e(\u7c21\u4f53)\" >Download<\/a><\/div><\/div>\n\n\n\n<hr class=\"wp-block-separator has-text-color has-sm-gray-color has-alpha-channel-opacity has-sm-gray-background-color has-background\"\/>\n\n\n\n<h3 class=\"wp-block-heading has-text-align-center\">K\u00fd hi\u1ec7u ti\u1ebfng Trung (ph\u1ed3n th\u1ec3)<br>T\u1ea3i t\u00e0i li\u1ec7u kh\u00f3a h\u1ecdc du h\u1ecdc (d\u1ea1ng PDF)<\/h3>\n\n\n<div class=\"sdm_download_button_box_default\"><div class=\"sdm_download_link\"><a href=\"https:\/\/lifejr.com\/vi\/\/?sdm_process_download=1&download_id=1576\" class=\"sdm_download blue\" title=\"\u4e2d\u56fd\u8a9e(\u7e41\u4f53)\" >Download<\/a><\/div><\/div>\n<\/div><\/div><\/div><\/div><\/div>\n<\/div><\/div>\n<\/div><\/div>\n\n\n\n<div style=\"height:100px\" aria-hidden=\"true\" class=\"wp-block-spacer\"><\/div>\n","protected":false},"excerpt":{"rendered":"<p>Y\u00eau c\u1ea7u \/ Y\u00eau c\u1ea7u t\u00e0i li\u1ec7uVui l\u00f2ng ch\u1ecdn m\u1ed9t.<\/p>\n","protected":false},"author":1,"featured_media":0,"parent":0,"menu_order":0,"comment_status":"closed","ping_status":"closed","template":"page-templates\/one-column.php","meta":[],"_links":{"self":[{"href":"https:\/\/lifejr.com\/vi\/wp-json\/wp\/v2\/pages\/2680"}],"collection":[{"href":"https:\/\/lifejr.com\/vi\/wp-json\/wp\/v2\/pages"}],"about":[{"href":"https:\/\/lifejr.com\/vi\/wp-json\/wp\/v2\/types\/page"}],"author":[{"embeddable":true,"href":"https:\/\/lifejr.com\/vi\/wp-json\/wp\/v2\/users\/1"}],"replies":[{"embeddable":true,"href":"https:\/\/lifejr.com\/vi\/wp-json\/wp\/v2\/comments?post=2680"}],"version-history":[{"count":8,"href":"https:\/\/lifejr.com\/vi\/wp-json\/wp\/v2\/pages\/2680\/revisions"}],"predecessor-version":[{"id":3775,"href":"https:\/\/lifejr.com\/vi\/wp-json\/wp\/v2\/pages\/2680\/revisions\/3775"}],"wp:attachment":[{"href":"https:\/\/lifejr.com\/vi\/wp-json\/wp\/v2\/media?parent=2680"}],"curies":[{"name":"wp","href":"https:\/\/api.w.org\/{rel}","templated":true}]}}