{"id":2696,"date":"2023-02-08T15:38:04","date_gmt":"2023-02-08T06:38:04","guid":{"rendered":"https:\/\/lifejr.com\/gioi-thieu-ve-okinawa\/"},"modified":"2023-06-22T13:05:57","modified_gmt":"2023-06-22T04:05:57","slug":"gioi-thieu-ve-okinawa","status":"publish","type":"page","link":"https:\/\/lifejr.com\/vi\/gioi-thieu-ve-okinawa\/","title":{"rendered":"Gi\u1edbi thi\u1ec7u v\u1ec1 Okinawa"},"content":{"rendered":"\n<aside class=\"wp-block-snow-monkey-blocks-section smb-section smb-section--fit is-style-default\" style=\"--smb-section--background-color:#ffffff\"><div class=\"smb-section__fixed-background\"><div class=\"smb-section__background\"><\/div><\/div><div class=\"smb-section__inner\"><div class=\"c-container\"><div class=\"smb-section__contents-wrapper\"><div class=\"smb-section__body\">\n<p class=\"has-text-align-center\"><strong>T\u1ec9nh Okinawa \u0111\u01b0\u1ee3c bao quanh b\u1edfi b\u1ea7u tr\u1eddi xanh v\u00e0 bi\u1ec3n tuy\u1ec7t \u0111\u1eb9p.<br\/>Thi\u00ean nhi\u00ean phong ph\u00fa, \u0111\u00f3 l\u00e0 m\u1ed9t n\u01a1i r\u1ea5t tho\u1ea3i m\u00e1i \u0111\u1ec3 s\u1ed1ng.<\/strong><\/p>\n\n\n\n<figure class=\"wp-block-image aligncenter size-large\"><img decoding=\"async\" src=\"https:\/\/lifejr.com\/wp-content\/uploads\/2023\/03\/&#x30A4;&#x30A8;&#x30AD;&#x30E1;&#x30EB;&#x30A2;&#x30A4;&#x30AD;&#x30E3;&#x30C3;&#x30C1;&#x753B;&#x50CF;-1-1-1024x576.png\" alt=\"\" class=\"wp-image-1118\"\/><\/figure>\n\n\n<h2 class=\"wp-block-heading has-text-align-left\">\u0110i\u1ec3m \u0111\u1ea7u m\u1ed1i giao l\u01b0u qu\u1ed1c t\u1ebf<\/h2>\n\n\n\n<p class=\"has-text-align-left\">T\u1ec9nh Okinawa l\u00e0 t\u1eadp h\u1ee3p nh\u1eefng h\u00f2n \u0111\u1ea3o xinh \u0111\u1eb9p n\u1eb1m \u1edf c\u1ef1c nam c\u1ee7a Nh\u1eadt B\u1ea3n, l\u00e0 v\u00f9ng c\u00f3 n\u1ec1n v\u0103n h\u00f3a v\u00e0 l\u1ecbch s\u1eed \u0111\u1ed9c \u0111\u00e1o.<\/p>\n\n\n\n<p class=\"has-text-align-left\">N\u01a1i \u0111\u00e2y c\u00f3 kh\u00ed h\u1eadu \u00f4n h\u00f2a quanh n\u0103m v\u00e0 \u0111\u01b0\u1ee3c bao quanh b\u1edfi bi\u1ec3n n\u1ed5i ti\u1ebfng th\u1ebf gi\u1edbi, thu h\u00fat nhi\u1ec1u kh\u00e1ch du l\u1ecbch kh\u00f4ng ch\u1ec9 t\u1eeb Nh\u1eadt B\u1ea3n m\u00e0 t\u1eeb kh\u1eafp n\u01a1i tr\u00ean th\u1ebf gi\u1edbi.<\/p>\n\n\n\n<p>Nhi\u1ec1u sinh vi\u00ean qu\u1ed1c t\u1ebf \u0111ang t\u00edch c\u1ef1c l\u00e0m vi\u1ec7c trong ng\u00e0nh du l\u1ecbch nh\u01b0 kh\u00e1ch s\u1ea1n.<\/p>\n\n\n\n<p>Ngo\u00e0i ra, c\u00f3 nhi\u1ec1u k\u1ef3 v\u1ecdng v\u1ec1 s\u1ef1 tham gia t\u00edch c\u1ef1c c\u1ee7a ngu\u1ed3n nh\u00e2n l\u1ef1c n\u01b0\u1edbc ngo\u00e0i trong t\u01b0\u01a1ng lai \u0111\u1ec3 t\u0103ng c\u01b0\u1eddng kh\u1ea3 n\u0103ng c\u1ea1nh tranh c\u1ee7a c\u00e1c c\u00f4ng ty Nh\u1eadt B\u1ea3n v\u00e0 th\u00fac \u0111\u1ea9y qu\u1ed1c t\u1ebf h\u00f3a.<\/p>\n\n\n\n<p class=\"has-text-align-left\">C\u00e1c tr\u01b0\u1eddng d\u1ea1y ti\u1ebfng Nh\u1eadt \u1edf Okinawa thu h\u00fat nhi\u1ec1u sinh vi\u00ean h\u1ecdc ti\u1ebfng Nh\u1eadt \u1edf khu v\u1ef1c h\u1ea5p d\u1eabn n\u00e0y v\u00e0 t\u1ec9nh Okinawa \u0111\u00f3ng vai tr\u00f2 l\u00e0 trung t\u00e2m giao l\u01b0u qu\u1ed1c t\u1ebf.<\/p>\n\n\n\n<p class=\"has-text-align-left\">T\u1ea1i H\u1ecdc vi\u1ec7n Nh\u1eadt ng\u1eef Life Junior, nh\u1eefng ng\u01b0\u1eddi d\u00e2n Okinawa (Uchinanchu) \u1ea5m \u00e1p v\u00e0 t\u1ed1t b\u1ee5ng c\u00f9ng nh\u1eefng m\u00f3n \u0103n ngon v\u00e0 tr\u00e1i c\u00e2y \u0111ang ch\u1edd \u0111\u1ee3i b\u1ea1n nh\u01b0 m\u1ed9t gia \u0111\u00ecnh, v\u00ec v\u1eady h\u00e3y \u0111\u1ebfn v\u00e0 h\u1ecdc t\u1eadp t\u1ea1i Okinawa.<\/p>\n\n\n\n<figure class=\"wp-block-gallery has-nested-images columns-default is-cropped wp-block-gallery-1 is-layout-flex\">\n<figure class=\"wp-block-image size-large\"><img decoding=\"async\" src=\"https:\/\/lifejr.com\/wp-content\/uploads\/2023\/05\/&#x30D3;&#x30FC;&#x30C1;&#x30A2;&#x30AF;&#x30C6;&#x30A3;&#x30D3;&#x30C6;&#x30A3;-1024x683.jpg\" alt=\"\" class=\"wp-image-1382\"\/><\/figure>\n\n\n<figure class=\"wp-block-image size-large\"><img decoding=\"async\" src=\"https:\/\/lifejr.com\/wp-content\/uploads\/2023\/05\/&#x30D3;&#x30FC;&#x30C1;&#x30D1;&#x30FC;&#x30C6;&#x30A3;&#x30FC;-1024x683.jpg\" alt=\"\" class=\"wp-image-1381\"\/><\/figure>\n\n\n<figure class=\"wp-block-image size-large\"><img decoding=\"async\" src=\"https:\/\/lifejr.com\/wp-content\/uploads\/2023\/05\/&#x6C96;&#x7E04;&#x30EF;&#x30FC;&#x30EB;&#x30C9;-1024x683.jpg\" alt=\"\" class=\"wp-image-1383\"\/><\/figure>\n\n\n<figure class=\"wp-block-image size-large\"><img decoding=\"async\" src=\"https:\/\/lifejr.com\/wp-content\/uploads\/2023\/05\/&#x7F8E;&#x3089;&#x6D77;&#x6C34;&#x65CF;&#x9928;-1024x683.jpg\" alt=\"\" class=\"wp-image-1380\"\/><\/figure>\n\n\n<figure class=\"wp-block-image size-large\"><img decoding=\"async\" src=\"https:\/\/lifejr.com\/wp-content\/uploads\/2023\/05\/&#x4E0E;&#x5100;&#x516C;&#x5712;-1024x500.jpg\" alt=\"\" class=\"wp-image-1379\"\/><\/figure><\/figure>\n<\/div><\/div><\/div><\/div><\/aside>\n","protected":false},"excerpt":{"rendered":"","protected":false},"author":1,"featured_media":2031,"parent":0,"menu_order":0,"comment_status":"closed","ping_status":"closed","template":"page-templates\/one-column-slim.php","meta":[],"_links":{"self":[{"href":"https:\/\/lifejr.com\/vi\/wp-json\/wp\/v2\/pages\/2696"}],"collection":[{"href":"https:\/\/lifejr.com\/vi\/wp-json\/wp\/v2\/pages"}],"about":[{"href":"https:\/\/lifejr.com\/vi\/wp-json\/wp\/v2\/types\/page"}],"author":[{"embeddable":true,"href":"https:\/\/lifejr.com\/vi\/wp-json\/wp\/v2\/users\/1"}],"replies":[{"embeddable":true,"href":"https:\/\/lifejr.com\/vi\/wp-json\/wp\/v2\/comments?post=2696"}],"version-history":[{"count":3,"href":"https:\/\/lifejr.com\/vi\/wp-json\/wp\/v2\/pages\/2696\/revisions"}],"predecessor-version":[{"id":3166,"href":"https:\/\/lifejr.com\/vi\/wp-json\/wp\/v2\/pages\/2696\/revisions\/3166"}],"wp:featuredmedia":[{"embeddable":true,"href":"https:\/\/lifejr.com\/vi\/wp-json\/wp\/v2\/media\/2031"}],"wp:attachment":[{"href":"https:\/\/lifejr.com\/vi\/wp-json\/wp\/v2\/media?parent=2696"}],"curies":[{"name":"wp","href":"https:\/\/api.w.org\/{rel}","templated":true}]}}