{"id":2702,"date":"2023-02-08T15:52:57","date_gmt":"2023-02-08T06:52:57","guid":{"rendered":"https:\/\/lifejr.com\/cuoc-song-du-hoc\/"},"modified":"2023-06-22T13:06:06","modified_gmt":"2023-06-22T04:06:06","slug":"cuoc-song-du-hoc","status":"publish","type":"page","link":"https:\/\/lifejr.com\/vi\/cuoc-song-du-hoc\/","title":{"rendered":"cu\u1ed9c s\u1ed1ng du h\u1ecdc"},"content":{"rendered":"\n<aside class=\"wp-block-snow-monkey-blocks-section smb-section smb-section--fit\" style=\"--smb-section--background-color:#ffffff\"><div class=\"smb-section__fixed-background\"><div class=\"smb-section__background\"><\/div><\/div><div class=\"smb-section__inner\"><div class=\"c-container\"><div class=\"smb-section__contents-wrapper\"><div class=\"smb-section__body\">\n<p class=\"has-text-align-center\"><strong>\u0110\u1ec3 du h\u1ecdc sinh c\u00f3 th\u1ec3 y\u00ean t\u00e2m sinh s\u1ed1ng t\u1ea1i Nh\u1eadt B\u1ea3n,<br\/>C\u00e1c gi\u1ea3ng vi\u00ean v\u00e0 nh\u00e2n vi\u00ean s\u1ebd h\u1ed7 tr\u1ee3 chi ti\u1ebft cho cu\u1ed9c s\u1ed1ng du h\u1ecdc nh\u01b0 m\u1ed9t th\u00e0nh vi\u00ean trong gia \u0111\u00ecnh.<\/strong><\/p>\n\n\n\n<h2 class=\"wp-block-heading has-text-align-left\">h\u1ed7 tr\u1ee3 cu\u1ed9c s\u1ed1ng<\/h2>\n\n\n\n<figure class=\"wp-block-image size-full\"><img decoding=\"async\" src=\"https:\/\/lifejr.com\/wp-content\/uploads\/2023\/05\/&#x751F;&#x6D3B;&#x30B5;&#x30DD;&#x30FC;&#x30C8;_&#x30B4;&#x30DF;&#x6388;&#x696D;-scaled.jpg\" alt=\"\" class=\"wp-image-1389\"\/><\/figure>\n\n\n<p>C\u00f3 \u0111\u01b0\u1ee3c ki\u1ebfn \u200b\u200bth\u1ee9c b\u1ea1n c\u1ea7n \u0111\u1ec3 s\u1ed1ng \u1edf Nh\u1eadt B\u1ea3n v\u00e0 tr\u1edf n\u00ean \u0111\u1ed9c l\u1eadp!<\/p>\n\n\n\n<p>B\u1ea1n s\u1ebd h\u1ecdc c\u00e1c quy t\u1eafc trong cu\u1ed9c s\u1ed1ng c\u1ee7a ng\u01b0\u1eddi Nh\u1eadt, m\u1edf v\u0103n ph\u00f2ng ch\u00ednh ph\u1ee7, t\u00e0i kho\u1ea3n ng\u00e2n h\u00e0ng, \u0111\u1ed5i b\u1eb1ng l\u00e1i xe v\u00e0 c\u00e1c th\u1ee7 t\u1ee5c kh\u00e1c.<\/p>\n\n\n\n<div style=\"height:40px\" aria-hidden=\"true\" class=\"wp-block-spacer sme-hidden-sm\"><\/div>\n\n\n\n<h2 class=\"wp-block-heading\"><strong>ch\u0103m s\u00f3c s\u1ee9c kh\u1ecfe<\/strong><\/h2>\n\n\n\n<figure class=\"wp-block-image size-full\"><img decoding=\"async\" src=\"https:\/\/lifejr.com\/wp-content\/uploads\/2023\/05\/&#x751F;&#x6D3B;&#x30B5;&#x30DD;&#x30FC;&#x30C8;_&#x5065;&#x5EB7;&#x7BA1;&#x7406;1.jpeg\" alt=\"\" class=\"wp-image-1560\"\/><\/figure>\n\n\n<p>M\u1ed7i n\u0103m m\u1ed9t l\u1ea7n, b\u1ea1n s\u1ebd \u0111\u01b0\u1ee3c ki\u1ec3m tra s\u1ee9c kh\u1ecfe t\u1ea1i c\u01a1 s\u1edf y t\u1ebf. Trong tr\u01b0\u1eddng h\u1ee3p \u1ed1m \u0111au, ch\u1ea5n th\u01b0\u01a1ng ho\u1eb7c tai n\u1ea1n, gi\u00e1o vi\u00ean s\u1ebd \u0111\u1ed3ng h\u00e0nh c\u00f9ng b\u1ea1n. T\u00f4i s\u1ebd \u0111\u0103ng k\u00fd b\u1ea3o hi\u1ec3m y t\u1ebf d\u00e0nh cho du h\u1ecdc sinh (Hi\u1ec7p h\u1ed9i h\u1ee3p t\u00e1c c\u00e1c tr\u01b0\u1eddng d\u1ea1y ti\u1ebfng Nh\u1eadt) \u0111\u1ec3 c\u00f3 th\u1ec3 \u0111i kh\u00e1m m\u00e0 kh\u00f4ng ph\u1ea3i lo l\u1eafng v\u1ec1 chi ph\u00ed y t\u1ebf khi \u0111i du h\u1ecdc.<\/p>\n\n\n\n<div style=\"height:40px\" aria-hidden=\"true\" class=\"wp-block-spacer sme-hidden-sm\"><\/div>\n\n\n\n<h2 class=\"wp-block-heading\"><strong>H\u1ed7 tr\u1ee3 vi\u1ec7c l\u00e0m b\u00e1n th\u1eddi gian<\/strong><\/h2>\n\n\n\n<figure class=\"wp-block-image size-full\"><img decoding=\"async\" src=\"https:\/\/lifejr.com\/wp-content\/uploads\/2023\/03\/5&#x30DA;&#x30FC;&#x30B8;&#x5C31;&#x8077;&#x6280;&#x8853;&#x4EBA;&#x6587;&#x77E5;&#x8B58;&#x56FD;&#x969B;&#x696D;&#x52D9;&#x30DB;&#x30C6;&#x30EB;.jpg\" alt=\"\" class=\"wp-image-1176\"\/><\/figure>\n\n\n<p>Trong khi h\u1ecdc t\u1ea1i m\u1ed9t tr\u01b0\u1eddng d\u1ea1y ti\u1ebfng Nh\u1eadt, c\u00f3 th\u1ec3 l\u00e0m vi\u1ec7c b\u00e1n th\u1eddi gian v\u1edbi s\u1ef1 cho ph\u00e9p \u0111\u1ed1i v\u1edbi &#8220;c\u00e1c ho\u1ea1t \u0111\u1ed9ng kh\u00e1c v\u1edbi nh\u1eefng ho\u1ea1t \u0111\u1ed9ng \u0111\u01b0\u1ee3c ph\u00e9p theo t\u00ecnh tr\u1ea1ng c\u01b0 tr\u00fa \u0111\u00e3 \u0111\u01b0\u1ee3c c\u1ea5p tr\u01b0\u1edbc \u0111\u00f3.&#8221; L\u00e0m vi\u1ec7c b\u00e1n th\u1eddi gian b\u1eb1ng ti\u1ebfng Nh\u1eadt b\u1ea1n \u0111\u00e3 h\u1ecdc s\u1ebd c\u1ea3i thi\u1ec7n k\u1ef9 n\u0103ng ti\u1ebfng Nh\u1eadt c\u1ee7a b\u1ea1n, \u0111\u1ed3ng th\u1eddi t\u00edch l\u0169y kinh nghi\u1ec7m v\u00e0 k\u1ef9 n\u0103ng s\u1ebd d\u1eabn \u0111\u1ebfn s\u1ef1 nghi\u1ec7p t\u01b0\u01a1ng lai c\u1ee7a b\u1ea1n.<\/p>\n\n\n\n<div style=\"height:40px\" aria-hidden=\"true\" class=\"wp-block-spacer sme-hidden-sm\"><\/div>\n\n\n\n<h2 class=\"wp-block-heading\"><strong>cu\u1ed9c s\u1ed1ng k\u00fd t\u00fac x\u00e1<\/strong><\/h2>\n\n\n\n<figure class=\"wp-block-gallery has-nested-images columns-default is-cropped wp-block-gallery-1 is-layout-flex\">\n<figure class=\"wp-block-image size-large\"><img decoding=\"async\" src=\"https:\/\/lifejr.com\/wp-content\/uploads\/2023\/05\/&#x5B66;&#x751F;&#x5BEE;_&#x30AD;&#x30C3;&#x30C1;&#x30F3;-1024x821.jpg\" alt=\"\" class=\"wp-image-1387\"\/><\/figure>\n\n\n<figure class=\"wp-block-image size-large\"><img decoding=\"async\" src=\"https:\/\/lifejr.com\/wp-content\/uploads\/2023\/05\/&#x5B66;&#x751F;&#x5BEE;_&#x90E8;&#x5C4B;-1024x921.jpg\" alt=\"\" class=\"wp-image-1386\"\/><\/figure>\n\n\n<figure class=\"wp-block-image size-large\"><img decoding=\"async\" src=\"https:\/\/lifejr.com\/wp-content\/uploads\/2023\/05\/&#x5B66;&#x751F;&#x5BEE;_&#x51B7;&#x8535;&#x5EAB;&#x3068;&#x304B;-1024x768.jpeg\" alt=\"\" class=\"wp-image-1388\"\/><\/figure><\/figure>\n\n\n\n<p>H\u1ecdc vi\u1ec7n Nh\u1eadt ng\u1eef Life Junior cung c\u1ea5p k\u00fd t\u00fac x\u00e1 cho sinh vi\u00ean.<br\/>Th\u00f4ng qua vi\u1ec7c s\u1ed1ng t\u1eadp th\u1ec3 trong k\u00fd t\u00fac x\u00e1, b\u1ea1n s\u1ebd t\u00ecm hi\u1ec3u v\u1ec1 v\u0103n h\u00f3a cu\u1ed9c s\u1ed1ng v\u00e0 c\u00e1ch c\u01b0 x\u1eed c\u1ee7a ng\u01b0\u1eddi Nh\u1eadt.<br\/>* C\u00f3 s\u1eb5n t\u1ee7 l\u1ea1nh, m\u00e1y gi\u1eb7t, l\u00f2 vi s\u00f3ng, n\u1ed3i c\u01a1m \u0111i\u1ec7n, d\u1ee5ng c\u1ee5 n\u1ea5u \u0103n, ch\u0103n ga g\u1ed1i \u0111\u1ec7m, internet<\/p>\n<\/div><\/div><\/div><\/div><\/aside>\n","protected":false},"excerpt":{"rendered":"","protected":false},"author":1,"featured_media":2166,"parent":0,"menu_order":0,"comment_status":"closed","ping_status":"closed","template":"page-templates\/one-column-slim.php","meta":[],"_links":{"self":[{"href":"https:\/\/lifejr.com\/vi\/wp-json\/wp\/v2\/pages\/2702"}],"collection":[{"href":"https:\/\/lifejr.com\/vi\/wp-json\/wp\/v2\/pages"}],"about":[{"href":"https:\/\/lifejr.com\/vi\/wp-json\/wp\/v2\/types\/page"}],"author":[{"embeddable":true,"href":"https:\/\/lifejr.com\/vi\/wp-json\/wp\/v2\/users\/1"}],"replies":[{"embeddable":true,"href":"https:\/\/lifejr.com\/vi\/wp-json\/wp\/v2\/comments?post=2702"}],"version-history":[{"count":3,"href":"https:\/\/lifejr.com\/vi\/wp-json\/wp\/v2\/pages\/2702\/revisions"}],"predecessor-version":[{"id":3147,"href":"https:\/\/lifejr.com\/vi\/wp-json\/wp\/v2\/pages\/2702\/revisions\/3147"}],"wp:featuredmedia":[{"embeddable":true,"href":"https:\/\/lifejr.com\/vi\/wp-json\/wp\/v2\/media\/2166"}],"wp:attachment":[{"href":"https:\/\/lifejr.com\/vi\/wp-json\/wp\/v2\/media?parent=2702"}],"curies":[{"name":"wp","href":"https:\/\/api.w.org\/{rel}","templated":true}]}}