{"id":2728,"date":"2023-02-08T15:52:57","date_gmt":"2023-02-08T06:52:57","guid":{"rendered":"https:\/\/lifejr.com\/mot-ngay-cua-sinh-vien-quoc-te\/"},"modified":"2023-06-23T11:03:42","modified_gmt":"2023-06-23T02:03:42","slug":"mot-ngay-cua-sinh-vien-quoc-te","status":"publish","type":"page","link":"https:\/\/lifejr.com\/vi\/mot-ngay-cua-sinh-vien-quoc-te\/","title":{"rendered":"M\u1ed9t ng\u00e0y c\u1ee7a sinh vi\u00ean qu\u1ed1c t\u1ebf"},"content":{"rendered":"\n<div class=\"wp-block-snow-monkey-blocks-section smb-section smb-section--fit\" style=\"--smb-section--background-color:#ffffff\"><div class=\"smb-section__fixed-background\"><div class=\"smb-section__background\"><\/div><\/div><div class=\"smb-section__inner\"><div class=\"c-container\"><div class=\"smb-section__contents-wrapper\"><div class=\"smb-section__body\">\n<h2 class=\"wp-block-heading has-text-align-center sme-hidden-sm\">\uff3c M\u1ed9t ng\u00e0y trong cu\u1ed9c \u0111\u1eddi c\u1ee7a m\u1ed9t sinh vi\u00ean trao \u0111\u1ed5i s\u1ebd nh\u01b0 th\u1ebf n\u00e0y! \/<\/h2>\n\n\n\n<h2 class=\"wp-block-heading has-text-align-center sme-hidden-lg-up sme-hidden-md\">M\u1ed9t ng\u00e0y trong cu\u1ed9c \u0111\u1eddi c\u1ee7a m\u1ed9t sinh vi\u00ean trao \u0111\u1ed5i l\u00e0 nh\u01b0 th\u1ebf n\u00e0y!<\/h2>\n\n\n\n<p class=\"has-text-align-center is-style-default\"><strong><span style=\"background-image: linear-gradient(transparent 60%, rgba(255, 214, 170, 0.5) 60%)\" class=\"sme-highlighter\">H\u1ecdc t\u1eadp v\u1edbi b\u1ea1n b\u00e8 t\u1eeb nhi\u1ec1u qu\u1ed1c gia kh\u00e1c nhau, l\u00e0m c\u00f4ng vi\u1ec7c b\u00e1n th\u1eddi gian, s\u1ed1ng trong k\u00fd t\u00fac x\u00e1 v\u00e0 ch\u01a1i trong khu ph\u1ed1 v\u00e0o nh\u1eefng ng\u00e0y ngh\u1ec9, t\u00f4i t\u1eadn h\u01b0\u1edfng cu\u1ed9c s\u1ed1ng du h\u1ecdc c\u1ee7a m\u00ecnh m\u1ed7i ng\u00e0y.<\/span><\/strong><\/p>\n\n\n\n<figure class=\"wp-block-image aligncenter size-large is-resized\"><img decoding=\"async\" loading=\"lazy\" src=\"https:\/\/lifejr.com\/wp-content\/uploads\/2023\/02\/go-1-1024x1024.png\" alt=\"\" class=\"wp-image-503\" width=\"256\" height=\"256\" srcset=\"https:\/\/lifejr.com\/wp-content\/uploads\/2023\/02\/go-1-1024x1024.png 1024w, https:\/\/lifejr.com\/wp-content\/uploads\/2023\/02\/go-1-300x300.png 300w, https:\/\/lifejr.com\/wp-content\/uploads\/2023\/02\/go-1-150x150.png 150w, https:\/\/lifejr.com\/wp-content\/uploads\/2023\/02\/go-1-768x769.png 768w, https:\/\/lifejr.com\/wp-content\/uploads\/2023\/02\/go-1-24x24.png 24w, https:\/\/lifejr.com\/wp-content\/uploads\/2023\/02\/go-1-36x36.png 36w, https:\/\/lifejr.com\/wp-content\/uploads\/2023\/02\/go-1-48x48.png 48w, https:\/\/lifejr.com\/wp-content\/uploads\/2023\/02\/go-1.png 1279w\" sizes=\"(max-width: 256px) 100vw, 256px\" \/><\/figure>\n\n\n\n<div class=\"wp-block-columns sme-hidden-sm sme-hidden-lg-up sme-hidden-md is-layout-flex wp-container-3\">\n<div class=\"wp-block-column is-vertically-aligned-center is-layout-flow\" style=\"flex-basis:66.66%\">\n<div style=\"height:20px\" aria-hidden=\"true\" class=\"wp-block-spacer\"><\/div>\n\n\n\n<p class=\"has-text-align-left is-style-default has-lightest-grey-background-color has-background\">T\u1ea1i tr\u01b0\u1eddng Nh\u1eadt ng\u1eef Life Junior, t\u00f4i \u0111ang t\u1eadn h\u01b0\u1edfng cu\u1ed9c s\u1ed1ng h\u1ecdc \u0111\u01b0\u1eddng c\u1ee7a m\u00ecnh m\u1ed7i ng\u00e0y.<br><br>H\u00f4m nay ch\u00fang ta c\u00f9ng \u0111i\u1ec3m qua cu\u1ed9c s\u1ed1ng th\u01b0\u1eddng ng\u00e0y c\u1ee7a du h\u1ecdc sinh nh\u00e9!<\/p>\n<\/div>\n\n\n\n<div class=\"wp-block-column is-layout-flow\" style=\"flex-basis:33.33%\">\n<figure class=\"wp-block-image aligncenter size-large\"><img decoding=\"async\" loading=\"lazy\" width=\"884\" height=\"1024\" src=\"https:\/\/lifejr.com\/wp-content\/uploads\/2023\/02\/go-884x1024.png\" alt=\"\" class=\"wp-image-394\" srcset=\"https:\/\/lifejr.com\/wp-content\/uploads\/2023\/02\/go-884x1024.png 884w, https:\/\/lifejr.com\/wp-content\/uploads\/2023\/02\/go-259x300.png 259w, https:\/\/lifejr.com\/wp-content\/uploads\/2023\/02\/go-768x890.png 768w, https:\/\/lifejr.com\/wp-content\/uploads\/2023\/02\/go-21x24.png 21w, https:\/\/lifejr.com\/wp-content\/uploads\/2023\/02\/go-31x36.png 31w, https:\/\/lifejr.com\/wp-content\/uploads\/2023\/02\/go-41x48.png 41w, https:\/\/lifejr.com\/wp-content\/uploads\/2023\/02\/go.png 1105w\" sizes=\"(max-width: 884px) 100vw, 884px\" \/><\/figure>\n<\/div>\n<\/div>\n\n\n\n<div style=\"height:30px\" aria-hidden=\"true\" class=\"wp-block-spacer sme-hidden-sm\"><\/div>\n\n\n\n<div class=\"wp-block-snow-monkey-blocks-step smb-step\"><div class=\"smb-step__body\">\n<div class=\"wp-block-snow-monkey-blocks-step-item-free smb-step__item\" style=\"--smb-step--number-background-color:#fea006\"><div class=\"smb-step__item__title\"><div class=\"smb-step__item__number\"><\/div><span><span class=\"sme-font-size has-sm-medium-font-size\">7:30\u3000Th\u1ee9c d\u1eady<\/span><\/span><\/div><div class=\"smb-step__item__body\"><div class=\"smb-step__item__summary\">\n<p>T\u00f4i th\u1ee9c d\u1eady v\u00e0o bu\u1ed5i s\u00e1ng v\u00e0 \u0103n s\u00e1ng.<br><br>chu\u1ea9n b\u1ecb \u0111i h\u1ecdc.<\/p>\n<\/div><\/div><\/div>\n\n\n\n<div class=\"wp-block-snow-monkey-blocks-step-item-free smb-step__item\" style=\"--smb-step--number-background-color:#fea006\"><div class=\"smb-step__item__title\"><div class=\"smb-step__item__number\"><\/div><span><span class=\"sme-font-size has-sm-medium-font-size\">8:00\u3000\u0111i h\u1ecdc<\/span><\/span><\/div><div class=\"smb-step__item__body\"><div class=\"smb-step__item__summary\">\n<p>Tr\u01b0\u1eddng g\u1ea7n b\u1ebfn xe bu\u00fdt, r\u1ea5t thu\u1eadn ti\u1ec7n cho vi\u1ec7c \u0111i l\u1ea1i h\u00e0ng ng\u00e0y.<br><br>H\u1ea7u h\u1ebft h\u1ecdc sinh \u0111i h\u1ecdc b\u1eb1ng xe \u0111\u1ea1p ho\u1eb7c xe m\u00e1y.<\/p>\n\n\n\n<figure class=\"wp-block-image size-full\"><img decoding=\"async\" loading=\"lazy\" width=\"640\" height=\"428\" src=\"https:\/\/lifejr.com\/wp-content\/uploads\/2023\/05\/\u767b\u6821_\u81ea\u8ee2\u8eca.jpg\" alt=\"\" class=\"wp-image-1391\" srcset=\"https:\/\/lifejr.com\/wp-content\/uploads\/2023\/05\/\u767b\u6821_\u81ea\u8ee2\u8eca.jpg 640w, https:\/\/lifejr.com\/wp-content\/uploads\/2023\/05\/\u767b\u6821_\u81ea\u8ee2\u8eca-300x201.jpg 300w, https:\/\/lifejr.com\/wp-content\/uploads\/2023\/05\/\u767b\u6821_\u81ea\u8ee2\u8eca-24x16.jpg 24w, https:\/\/lifejr.com\/wp-content\/uploads\/2023\/05\/\u767b\u6821_\u81ea\u8ee2\u8eca-36x24.jpg 36w, https:\/\/lifejr.com\/wp-content\/uploads\/2023\/05\/\u767b\u6821_\u81ea\u8ee2\u8eca-48x32.jpg 48w\" sizes=\"(max-width: 640px) 100vw, 640px\" \/><\/figure>\n<\/div><\/div><\/div>\n\n\n\n<div class=\"wp-block-snow-monkey-blocks-step-item-free smb-step__item\" style=\"--smb-step--number-background-color:#fea006\"><div class=\"smb-step__item__title\"><div class=\"smb-step__item__number\"><\/div><span><span class=\"sme-font-size has-sm-medium-font-size\">8:30\u3000Ti\u1ebft h\u1ecdc th\u1ee9 nh\u1ea5t v\u00e0 th\u1ee9 hai b\u1eaft \u0111\u1ea7u<\/span><\/span><\/div><div class=\"smb-step__item__body\"><div class=\"smb-step__item__summary\">\n<p>\u0111\u1ecdc, vi\u1ebft, nghe v\u00e0 n\u00f3i.<br><br>B\u1ed1n k\u1ef9 n\u0103ng \u0111\u01b0\u1ee3c nghi\u00ean c\u1ee9u m\u1ed9t c\u00e1ch c\u00e2n b\u1eb1ng.<\/p>\n\n\n\n<figure class=\"wp-block-image size-large\"><img decoding=\"async\" loading=\"lazy\" width=\"1024\" height=\"683\" src=\"https:\/\/lifejr.com\/wp-content\/uploads\/2023\/05\/\u6388\u696d\u98a8\u666f_1.2\u9650-1024x683.jpg\" alt=\"\" class=\"wp-image-1392\" srcset=\"https:\/\/lifejr.com\/wp-content\/uploads\/2023\/05\/\u6388\u696d\u98a8\u666f_1.2\u9650-1024x683.jpg 1024w, https:\/\/lifejr.com\/wp-content\/uploads\/2023\/05\/\u6388\u696d\u98a8\u666f_1.2\u9650-300x200.jpg 300w, https:\/\/lifejr.com\/wp-content\/uploads\/2023\/05\/\u6388\u696d\u98a8\u666f_1.2\u9650-768x512.jpg 768w, https:\/\/lifejr.com\/wp-content\/uploads\/2023\/05\/\u6388\u696d\u98a8\u666f_1.2\u9650-1536x1024.jpg 1536w, https:\/\/lifejr.com\/wp-content\/uploads\/2023\/05\/\u6388\u696d\u98a8\u666f_1.2\u9650-1920x1280.jpg 1920w, https:\/\/lifejr.com\/wp-content\/uploads\/2023\/05\/\u6388\u696d\u98a8\u666f_1.2\u9650-24x16.jpg 24w, https:\/\/lifejr.com\/wp-content\/uploads\/2023\/05\/\u6388\u696d\u98a8\u666f_1.2\u9650-36x24.jpg 36w, https:\/\/lifejr.com\/wp-content\/uploads\/2023\/05\/\u6388\u696d\u98a8\u666f_1.2\u9650-48x32.jpg 48w\" sizes=\"(max-width: 1024px) 100vw, 1024px\" \/><\/figure>\n<\/div><\/div><\/div>\n\n\n\n<div class=\"wp-block-snow-monkey-blocks-step-item-free smb-step__item\" style=\"--smb-step--number-background-color:#fea006\"><div class=\"smb-step__item__title\"><div class=\"smb-step__item__number\"><\/div><span><span class=\"sme-font-size has-sm-medium-font-size\">10:05\u3000gi\u1ea3i lao<\/span><\/span><\/div><div class=\"smb-step__item__body\"><div class=\"smb-step__item__summary\">\n<p>\u0102n nh\u1eb9 v\u00e0 d\u00e0nh th\u1eddi gian tr\u00f2 chuy\u1ec7n v\u1edbi b\u1ea1n b\u00e8.<\/p>\n\n\n\n<figure class=\"wp-block-image size-full\"><img decoding=\"async\" loading=\"lazy\" width=\"550\" height=\"367\" src=\"https:\/\/lifejr.com\/wp-content\/uploads\/2023\/02\/1-3-1.jpg\" alt=\"\" class=\"wp-image-519\" srcset=\"https:\/\/lifejr.com\/wp-content\/uploads\/2023\/02\/1-3-1.jpg 550w, https:\/\/lifejr.com\/wp-content\/uploads\/2023\/02\/1-3-1-300x200.jpg 300w, https:\/\/lifejr.com\/wp-content\/uploads\/2023\/02\/1-3-1-24x16.jpg 24w, https:\/\/lifejr.com\/wp-content\/uploads\/2023\/02\/1-3-1-36x24.jpg 36w, https:\/\/lifejr.com\/wp-content\/uploads\/2023\/02\/1-3-1-48x32.jpg 48w\" sizes=\"(max-width: 550px) 100vw, 550px\" \/><\/figure>\n<\/div><\/div><\/div>\n\n\n\n<div class=\"wp-block-snow-monkey-blocks-step-item-free smb-step__item\" style=\"--smb-step--number-background-color:#fea006\"><div class=\"smb-step__item__title\"><div class=\"smb-step__item__number\"><\/div><span><span class=\"sme-font-size has-sm-medium-font-size\">10:15\u3000Ti\u1ebft 3 v\u00e0 4<\/span><\/span><\/div><div class=\"smb-step__item__body\"><div class=\"smb-step__item__summary\">\n<p>Th\u1ef1c h\u00e0nh h\u1ed9i tho\u1ea1i s\u1eed d\u1ee5ng ti\u1ebfng Nh\u1eadt b\u1ea1n \u0111\u00e3 h\u1ecdc.<\/p>\n\n\n\n<figure class=\"wp-block-image size-full\"><img decoding=\"async\" loading=\"lazy\" width=\"550\" height=\"367\" src=\"https:\/\/lifejr.com\/wp-content\/uploads\/2023\/02\/1-4-1.jpg\" alt=\"\" class=\"wp-image-520\" srcset=\"https:\/\/lifejr.com\/wp-content\/uploads\/2023\/02\/1-4-1.jpg 550w, https:\/\/lifejr.com\/wp-content\/uploads\/2023\/02\/1-4-1-300x200.jpg 300w, https:\/\/lifejr.com\/wp-content\/uploads\/2023\/02\/1-4-1-24x16.jpg 24w, https:\/\/lifejr.com\/wp-content\/uploads\/2023\/02\/1-4-1-36x24.jpg 36w, https:\/\/lifejr.com\/wp-content\/uploads\/2023\/02\/1-4-1-48x32.jpg 48w\" sizes=\"(max-width: 550px) 100vw, 550px\" \/><\/figure>\n<\/div><\/div><\/div>\n\n\n\n<div class=\"wp-block-snow-monkey-blocks-step-item-free smb-step__item\" style=\"--smb-step--number-background-color:#fea006\"><div class=\"smb-step__item__title\"><div class=\"smb-step__item__number\"><\/div><span><span class=\"sme-font-size has-sm-medium-font-size\">11:50\u3000Bu\u1ed5i h\u1ecdc k\u1ebft th\u00fac<\/span><\/span><\/div><div class=\"smb-step__item__body\"><div class=\"smb-step__item__summary\">\n<p>H\u1ecdc sinh l\u1edbp bu\u1ed5i s\u00e1ng tan h\u1ecdc v\u00e0o th\u1eddi \u0111i\u1ec3m n\u00e0y.<br><br>N\u1ebfu t\u00f4i c\u00f3 b\u1ea5t k\u1ef3 v\u1ea5n \u0111\u1ec1 g\u00ec trong cu\u1ed9c s\u1ed1ng h\u00e0ng ng\u00e0y, t\u00f4i s\u1ebd h\u1ecfi \u00fd ki\u1ebfn \u200b\u200bgi\u00e1o vi\u00ean c\u1ee7a m\u00ecnh.<\/p>\n\n\n\n<figure class=\"wp-block-image size-full\"><img decoding=\"async\" loading=\"lazy\" width=\"550\" height=\"367\" src=\"https:\/\/lifejr.com\/wp-content\/uploads\/2023\/02\/1-5-1.jpg\" alt=\"\" class=\"wp-image-521\" srcset=\"https:\/\/lifejr.com\/wp-content\/uploads\/2023\/02\/1-5-1.jpg 550w, https:\/\/lifejr.com\/wp-content\/uploads\/2023\/02\/1-5-1-300x200.jpg 300w, https:\/\/lifejr.com\/wp-content\/uploads\/2023\/02\/1-5-1-24x16.jpg 24w, https:\/\/lifejr.com\/wp-content\/uploads\/2023\/02\/1-5-1-36x24.jpg 36w, https:\/\/lifejr.com\/wp-content\/uploads\/2023\/02\/1-5-1-48x32.jpg 48w\" sizes=\"(max-width: 550px) 100vw, 550px\" \/><\/figure>\n<\/div><\/div><\/div>\n\n\n\n<div class=\"wp-block-snow-monkey-blocks-step-item-free smb-step__item\" style=\"--smb-step--number-background-color:#fea006\"><div class=\"smb-step__item__title\"><div class=\"smb-step__item__number\"><\/div><span><span class=\"sme-font-size has-sm-medium-font-size\">12:30\u3000Mua s\u1eafm\/\u0102n tr\u01b0a<\/span><\/span><\/div><div class=\"smb-step__item__body\"><div class=\"smb-step__item__summary\">\n<p>Th\u00e0nh ph\u1ed1 Naha, n\u01a1i tr\u01b0\u1eddng t\u1ecda l\u1ea1c, c\u00f3 nhi\u1ec1u nh\u00e0 h\u00e0ng v\u00e0 c\u1eeda h\u00e0ng, thu\u1eadn ti\u1ec7n cho vi\u1ec7c \u0103n u\u1ed1ng v\u00e0 mua s\u1eafm.<\/p>\n\n\n\n<figure class=\"wp-block-image size-full\"><img decoding=\"async\" loading=\"lazy\" width=\"550\" height=\"367\" src=\"https:\/\/lifejr.com\/wp-content\/uploads\/2023\/02\/1-6-1.jpg\" alt=\"\" class=\"wp-image-522\" srcset=\"https:\/\/lifejr.com\/wp-content\/uploads\/2023\/02\/1-6-1.jpg 550w, https:\/\/lifejr.com\/wp-content\/uploads\/2023\/02\/1-6-1-300x200.jpg 300w, https:\/\/lifejr.com\/wp-content\/uploads\/2023\/02\/1-6-1-24x16.jpg 24w, https:\/\/lifejr.com\/wp-content\/uploads\/2023\/02\/1-6-1-36x24.jpg 36w, https:\/\/lifejr.com\/wp-content\/uploads\/2023\/02\/1-6-1-48x32.jpg 48w\" sizes=\"(max-width: 550px) 100vw, 550px\" \/><\/figure>\n<\/div><\/div><\/div>\n\n\n\n<div class=\"wp-block-snow-monkey-blocks-step-item-free smb-step__item\" style=\"--smb-step--number-background-color:#fea006\"><div class=\"smb-step__item__title\"><div class=\"smb-step__item__number\"><\/div><span><span class=\"sme-font-size has-sm-medium-font-size\">14:00\u3000Vi\u1ec7c l\u00e0m th\u00eam<\/span><\/span><\/div><div class=\"smb-step__item__body\"><div class=\"smb-step__item__summary\">\n<p>T\u00f4i s\u1ebd l\u00e0m vi\u1ec7c b\u00e1n th\u1eddi gian b\u1eb1ng ti\u1ebfng Nh\u1eadt m\u00e0 t\u00f4i \u0111\u00e3 h\u1ecdc.<\/p>\n\n\n\n<figure class=\"wp-block-image size-full\"><img decoding=\"async\" loading=\"lazy\" width=\"720\" height=\"575\" src=\"https:\/\/lifejr.com\/wp-content\/uploads\/2023\/03\/5\u30da\u30fc\u30b8\u5c31\u8077\u6280\u8853\u4eba\u6587\u77e5\u8b58\u56fd\u969b\u696d\u52d9\u30db\u30c6\u30eb.jpg\" alt=\"\" class=\"wp-image-1176\" srcset=\"https:\/\/lifejr.com\/wp-content\/uploads\/2023\/03\/5\u30da\u30fc\u30b8\u5c31\u8077\u6280\u8853\u4eba\u6587\u77e5\u8b58\u56fd\u969b\u696d\u52d9\u30db\u30c6\u30eb.jpg 720w, https:\/\/lifejr.com\/wp-content\/uploads\/2023\/03\/5\u30da\u30fc\u30b8\u5c31\u8077\u6280\u8853\u4eba\u6587\u77e5\u8b58\u56fd\u969b\u696d\u52d9\u30db\u30c6\u30eb-300x240.jpg 300w, https:\/\/lifejr.com\/wp-content\/uploads\/2023\/03\/5\u30da\u30fc\u30b8\u5c31\u8077\u6280\u8853\u4eba\u6587\u77e5\u8b58\u56fd\u969b\u696d\u52d9\u30db\u30c6\u30eb-24x19.jpg 24w, https:\/\/lifejr.com\/wp-content\/uploads\/2023\/03\/5\u30da\u30fc\u30b8\u5c31\u8077\u6280\u8853\u4eba\u6587\u77e5\u8b58\u56fd\u969b\u696d\u52d9\u30db\u30c6\u30eb-36x29.jpg 36w, https:\/\/lifejr.com\/wp-content\/uploads\/2023\/03\/5\u30da\u30fc\u30b8\u5c31\u8077\u6280\u8853\u4eba\u6587\u77e5\u8b58\u56fd\u969b\u696d\u52d9\u30db\u30c6\u30eb-48x38.jpg 48w\" sizes=\"(max-width: 720px) 100vw, 720px\" \/><\/figure>\n<\/div><\/div><\/div>\n\n\n\n<div class=\"wp-block-snow-monkey-blocks-step-item-free smb-step__item\" style=\"--smb-step--number-background-color:#fea006\"><div class=\"smb-step__item__title\"><div class=\"smb-step__item__number\"><\/div><span><span class=\"sme-font-size has-sm-medium-font-size\">18:00\u3000\u00a0V\u1ec1 nh\u00e0\/ h\u1ecdc b\u00e0i<\/span><\/span><\/div><div class=\"smb-step__item__body\"><div class=\"smb-step__item__summary\">\n<p>Em v\u1ec1 nh\u00e0 xem l\u1ea1i b\u00e0i h\u00f4m nay.<br><br>Th\u1eddi gian \u0111\u1ec3 \u0103n, t\u1eafm v\u00e0 th\u01b0 gi\u00e3n.<br><br>\u0110\u1eebng qu\u00ean l\u00e0m b\u00e0i t\u1eadp v\u1ec1 nh\u00e0 c\u1ee7a b\u1ea1n.<\/p>\n\n\n\n<figure class=\"wp-block-image size-full\"><img decoding=\"async\" loading=\"lazy\" width=\"550\" height=\"367\" src=\"https:\/\/lifejr.com\/wp-content\/uploads\/2023\/02\/1-8.jpg\" alt=\"\" class=\"wp-image-523\" srcset=\"https:\/\/lifejr.com\/wp-content\/uploads\/2023\/02\/1-8.jpg 550w, https:\/\/lifejr.com\/wp-content\/uploads\/2023\/02\/1-8-300x200.jpg 300w, https:\/\/lifejr.com\/wp-content\/uploads\/2023\/02\/1-8-24x16.jpg 24w, https:\/\/lifejr.com\/wp-content\/uploads\/2023\/02\/1-8-36x24.jpg 36w, https:\/\/lifejr.com\/wp-content\/uploads\/2023\/02\/1-8-48x32.jpg 48w\" sizes=\"(max-width: 550px) 100vw, 550px\" \/><\/figure>\n<\/div><\/div><\/div>\n\n\n\n<div class=\"wp-block-snow-monkey-blocks-step-item-free smb-step__item\" style=\"--smb-step--number-background-color:#fea006\"><div class=\"smb-step__item__title\"><div class=\"smb-step__item__number\"><\/div><span><span class=\"sme-font-size has-sm-medium-font-size\">23:00\u3000\u0111i ng\u1ee7<\/span><\/span><\/div><div class=\"smb-step__item__body\"><div class=\"smb-step__item__summary\">\n<p>C\u1ea3m \u01a1n b\u1ea1n \u0111\u00e3 l\u00e0m vi\u1ec7c ch\u0103m ch\u1ec9 ng\u00e0y h\u00f4m nay.<br><br>H\u00e3y c\u0169ng c\u00f3 m\u1ed9t ng\u00e0y t\u1ed1t l\u00e0nh v\u00e0o ng\u00e0y mai.<\/p>\n<\/div><\/div><\/div>\n<\/div><\/div>\n<\/div><\/div><\/div><\/div><\/div>\n","protected":false},"excerpt":{"rendered":"","protected":false},"author":1,"featured_media":2176,"parent":0,"menu_order":0,"comment_status":"closed","ping_status":"closed","template":"page-templates\/one-column-slim.php","meta":[],"_links":{"self":[{"href":"https:\/\/lifejr.com\/vi\/wp-json\/wp\/v2\/pages\/2728"}],"collection":[{"href":"https:\/\/lifejr.com\/vi\/wp-json\/wp\/v2\/pages"}],"about":[{"href":"https:\/\/lifejr.com\/vi\/wp-json\/wp\/v2\/types\/page"}],"author":[{"embeddable":true,"href":"https:\/\/lifejr.com\/vi\/wp-json\/wp\/v2\/users\/1"}],"replies":[{"embeddable":true,"href":"https:\/\/lifejr.com\/vi\/wp-json\/wp\/v2\/comments?post=2728"}],"version-history":[{"count":40,"href":"https:\/\/lifejr.com\/vi\/wp-json\/wp\/v2\/pages\/2728\/revisions"}],"predecessor-version":[{"id":3751,"href":"https:\/\/lifejr.com\/vi\/wp-json\/wp\/v2\/pages\/2728\/revisions\/3751"}],"wp:featuredmedia":[{"embeddable":true,"href":"https:\/\/lifejr.com\/vi\/wp-json\/wp\/v2\/media\/2176"}],"wp:attachment":[{"href":"https:\/\/lifejr.com\/vi\/wp-json\/wp\/v2\/media?parent=2728"}],"curies":[{"name":"wp","href":"https:\/\/api.w.org\/{rel}","templated":true}]}}