{"id":2748,"date":"2023-02-08T16:14:29","date_gmt":"2023-02-08T07:14:29","guid":{"rendered":"https:\/\/lifejr.com\/khoa-hoc\/"},"modified":"2023-06-22T13:06:22","modified_gmt":"2023-06-22T04:06:22","slug":"khoa-hoc","status":"publish","type":"page","link":"https:\/\/lifejr.com\/vi\/khoa-hoc\/","title":{"rendered":"khoa ho\u0323c"},"content":{"rendered":"\n<p class=\"has-text-align-center\"><br\/><\/p>\n\n<aside class=\"wp-block-snow-monkey-blocks-section smb-section smb-section--fit\" style=\"--smb-section--background-color:#ffffff\"><div class=\"smb-section__fixed-background\"><div class=\"smb-section__background\"><\/div><\/div><div class=\"smb-section__inner\"><div class=\"c-container\"><div class=\"smb-section__contents-wrapper\"><div class=\"smb-section__body\">\n<h2 class=\"wp-block-heading\">V\u1ec1 qu\u00e1 tr\u00ecnh h\u1ecdc<\/h2>\n\n\n\n<ul>\n<li>X\u1ebfp l\u1edbp theo tr\u00ecnh \u0111\u1ed9 c\u1ee7a h\u1ecdc vi\u00ean<\/li>\n\n\n\n<li>Quy m\u00f4 nh\u00f3m nh\u1ecf 20 ng\u01b0\u1eddi m\u1ed7i l\u1edbp<\/li>\n\n\n\n<li>H\u1ec7 th\u1ed1ng theo d\u00f5i ph\u00f9 h\u1ee3p d\u1ef1a tr\u00ean h\u1ec7 th\u1ed1ng gi\u00e1o vi\u00ean ch\u1ee7 nhi\u1ec7m<\/li>\n<\/ul>\n\n\n\n<div style=\"height:30px\" aria-hidden=\"true\" class=\"wp-block-spacer\"><\/div>\n\n\n\n<figure class=\"wp-block-table my-table sme-animation-fade-in-up is-style-regular\"><table class=\"has-sm-text-alt-background-color has-background\" style=\"border-width:1px\"><thead><tr><th class=\"has-text-align-left\" data-align=\"left\">kh\u00f3a h\u1ecdc<\/th><th class=\"has-text-align-left\" data-align=\"left\">th\u1eddi gian nh\u1eadp h\u1ecdc<\/th><\/tr><\/thead><tbody><tr><td class=\"has-text-align-left\" data-align=\"left\">kh\u00f3a h\u1ecdc 2 n\u0103m<\/td><td class=\"has-text-align-left\" data-align=\"left\">Nh\u1eadp h\u1ecdc th\u00e1ng 4<\/td><\/tr><tr><td class=\"has-text-align-left\" data-align=\"left\">Kh\u00f3a h\u1ecdc 1 n\u0103m 6 th\u00e1ng<\/td><td class=\"has-text-align-left\" data-align=\"left\">Nh\u1eadp h\u1ecdc th\u00e1ng 10<\/td><\/tr><tr><td class=\"has-text-align-left\" data-align=\"left\">kh\u00f3a h\u1ecdc ng\u1eafn h\u1ea1n<\/td><td class=\"has-text-align-left\" data-align=\"left\">Ch\u1ea5p nh\u1eadn b\u1ea5t c\u1ee9 l\u00fac n\u00e0o \u203bT\u1eeb 3 th\u00e1ng<\/td><\/tr><\/tbody><\/table><\/figure>\n\n\n<div style=\"height:30px\" aria-hidden=\"true\" class=\"wp-block-spacer\"><\/div>\n\n\n\n<h2 class=\"wp-block-heading\"><strong>\u0111\u1ecdc vi\u1ebft<\/strong><\/h2>\n\n\n\n<p>B\u1eb1ng c\u00e1ch \u0111\u1ecdc s\u00e1ch gi\u00e1o khoa, h\u1ecdc sinh c\u00f3 \u0111\u01b0\u1ee3c kh\u1ea3 n\u0103ng b\u00e0y t\u1ecf \u00fd ki\u1ebfn \u200b\u200bv\u00e0 kh\u1eb3ng \u0111\u1ecbnh c\u1ee7a m\u00ecnh b\u1eb1ng v\u0103n b\u1ea3n.<\/p>\n\n\n\n<figure class=\"wp-block-image size-full\"><img decoding=\"async\" src=\"https:\/\/lifejr.com\/wp-content\/uploads\/2023\/06\/&#x8AAD;&#x3080;&#x30FB;&#x66F8;&#x304F;.png\" alt=\"\" class=\"wp-image-1640\"\/><\/figure>\n\n\n<h2 class=\"wp-block-heading\"><strong>nghe\/n\u00f3i<\/strong><\/h2>\n\n\n\n<p>Th\u00f4ng qua h\u1ecdc theo c\u1eb7p v\u00e0 nh\u1eadp vai, b\u1ea1n s\u1ebd h\u1ecdc c\u00e1ch th\u1ec3 hi\u1ec7n b\u1ea3n th\u00e2n m\u1ed9t c\u00e1ch t\u1ef1 nhi\u00ean b\u1eb1ng ti\u1ebfng Nh\u1eadt b\u1eb1ng c\u00e1ch b\u00e0y t\u1ecf suy ngh\u0129 v\u00e0 h\u00e0nh \u0111\u1ed9ng trong c\u00e1c vai tr\u00f2 kh\u00e1c nhau.<\/p>\n\n\n\n<figure class=\"wp-block-image size-full\"><img decoding=\"async\" src=\"https:\/\/lifejr.com\/wp-content\/uploads\/2023\/06\/&#x805E;&#x304F;&#x30FB;&#x8A71;&#x3059;.png\" alt=\"\" class=\"wp-image-1641\"\/><\/figure>\n\n\n<h2 class=\"wp-block-heading\"><strong>nh\u00e2n v\u1eadt Trung Qu\u1ed1c<\/strong><\/h2>\n\n\n\n<p>B\u1eb1ng c\u00e1ch l\u00e0m b\u00e0i ki\u1ec3m tra \u0111\u1ec3 x\u00e1c nh\u1eadn ch\u1eef H\u00e1n \u0111\u00e3 h\u1ecdc trong s\u00e1ch gi\u00e1o khoa cho m\u1ed7i b\u00e0i h\u1ecdc, ch\u00fang t\u00f4i nh\u1eb1m m\u1ee5c \u0111\u00edch ti\u1ebfp thu v\u00e0 thi\u1ebft l\u1eadp ch\u1eef H\u00e1n. M\u1ee5c \u0111\u00edch l\u00e0 \u0111\u1ec3 vui v\u1ebb h\u1ecdc ch\u1eef H\u00e1n m\u00e0 kh\u00f4ng c\u1ea3m th\u1ea5y y\u1ebfu.<\/p>\n\n\n\n<figure class=\"wp-block-image size-full\"><img decoding=\"async\" src=\"https:\/\/lifejr.com\/wp-content\/uploads\/2023\/06\/&#x6F22;&#x5B57;.png\" alt=\"\" class=\"wp-image-1638\"\/><\/figure>\n\n\n<h2 class=\"wp-block-heading\"><strong>C\u00e1c bi\u1ec7n ph\u00e1p ki\u1ec3m tra kh\u00e1c nhau<\/strong><\/h2>\n\n\n\n<p>B\u1ea1n c\u00f3 th\u1ec3 t\u00ecm hi\u1ec3u xu h\u01b0\u1edbng c\u1ee7a c\u00e1c k\u1ef3 thi m\u1ed9t c\u00e1ch hi\u1ec7u qu\u1ea3 th\u00f4ng qua c\u00e1c c\u00e2u h\u1ecfi th\u1ef1c h\u00e0nh v\u00e0 k\u1ef3 thi th\u1eed \u0111\u1ec3 \u0111\u1ea1t \u0111\u01b0\u1ee3c JLPT v\u00e0 luy\u1ec7n thi EJU.<\/p>\n\n\n\n<figure class=\"wp-block-image size-full\"><img decoding=\"async\" src=\"https:\/\/lifejr.com\/wp-content\/uploads\/2023\/06\/&#x8A66;&#x9A13;.png\" alt=\"\" class=\"wp-image-1639\"\/><\/figure>\n\n\n<h2 class=\"wp-block-heading\"><strong>Tr\u1ea3i nghi\u1ec7m v\u0103n h\u00f3a Nh\u1eadt B\u1ea3n<\/strong><\/h2>\n\n\n\n<p>L\u00e0m s\u00e2u s\u1eafc th\u00eam s\u1ef1 hi\u1ec3u bi\u1ebft \u0111a v\u0103n h\u00f3a b\u1eb1ng c\u00e1ch tr\u1ea3i nghi\u1ec7m v\u0103n h\u00f3a Nh\u1eadt B\u1ea3n nh\u01b0 th\u01b0 ph\u00e1p, sanshin v\u00e0 karate.<\/p>\n\n\n\n<figure class=\"wp-block-gallery has-nested-images columns-default is-cropped wp-block-gallery-1 is-layout-flex\">\n<figure class=\"wp-block-image size-large\"><img decoding=\"async\" src=\"https:\/\/lifejr.com\/wp-content\/uploads\/2023\/05\/&#x610F;&#x898B;&#x767A;&#x8868;&#x4F1A;-1024x683.jpg\" alt=\"\" class=\"wp-image-1359\"\/><\/figure>\n\n\n<figure class=\"wp-block-image size-large\"><img decoding=\"async\" src=\"https:\/\/lifejr.com\/wp-content\/uploads\/2023\/05\/&#x8AB2;&#x5916;&#x6D3B;&#x52D5;_&#x4EA4;&#x6D41;&#x4F1A;-1024x683.jpg\" alt=\"\" class=\"wp-image-1357\"\/><\/figure>\n\n\n<figure class=\"wp-block-image size-large\"><img decoding=\"async\" src=\"https:\/\/lifejr.com\/wp-content\/uploads\/2023\/05\/&#x6388;&#x696D;&#x98A8;&#x666F;_&#x30B0;&#x30EB;&#x30FC;&#x30D7;&#x30EF;&#x30FC;&#x30AF;-1024x683.jpg\" alt=\"\" class=\"wp-image-1358\"\/><\/figure>\n\n\n<figure class=\"wp-block-image size-large\"><img decoding=\"async\" src=\"https:\/\/lifejr.com\/wp-content\/uploads\/2023\/05\/&#x6388;&#x696D;&#x98A8;&#x666F;_&#x30EF;&#x30FC;&#x30AF;2-1024x683.jpg\" alt=\"\" class=\"wp-image-1361\"\/><\/figure>\n\n\n<figure class=\"wp-block-image size-large\"><img decoding=\"async\" src=\"https:\/\/lifejr.com\/wp-content\/uploads\/2023\/05\/&#x65E5;&#x672C;&#x6587;&#x5316;_&#x7A7A;&#x624B;&#x5B66;&#x5712;&#x796D;-1024x683.jpg\" alt=\"\" class=\"wp-image-1363\"\/><\/figure>\n\n\n<figure class=\"wp-block-image size-large\"><img decoding=\"async\" src=\"https:\/\/lifejr.com\/wp-content\/uploads\/2023\/05\/&#x65E5;&#x672C;&#x6587;&#x5316;_&#x66F8;&#x9053;-1024x683.jpg\" alt=\"\" class=\"wp-image-1364\"\/><\/figure><\/figure>\n\n\n\n<h2 class=\"wp-block-heading\"><strong>c\u00e1c ho\u1ea1t \u0111\u1ed9ng ngo\u1ea1i kh\u00f3a<\/strong><\/h2>\n\n\n\n<p>Ph\u00e1t tri\u1ec3n k\u1ef9 n\u0103ng giao ti\u1ebfp th\u00f4ng qua c\u00e1c s\u1ef1 ki\u1ec7n c\u1ee7a tr\u01b0\u1eddng v\u00e0 c\u00e1c s\u1ef1 ki\u1ec7n trao \u0111\u1ed5i v\u1edbi c\u1ed9ng \u0111\u1ed3ng \u0111\u1ecba ph\u01b0\u01a1ng.<\/p>\n\n\n\n<p><\/p>\n\n\n\n<figure class=\"wp-block-image size-full\"><img decoding=\"async\" src=\"https:\/\/lifejr.com\/wp-content\/uploads\/2023\/06\/&#x8AB2;&#x5916;&#x6D3B;&#x52D5;.png\" alt=\"\" class=\"wp-image-1637\"\/><\/figure><\/div><\/div><\/div><\/div><\/aside>\n","protected":false},"excerpt":{"rendered":"","protected":false},"author":1,"featured_media":0,"parent":0,"menu_order":0,"comment_status":"closed","ping_status":"closed","template":"page-templates\/one-column-slim.php","meta":[],"_links":{"self":[{"href":"https:\/\/lifejr.com\/vi\/wp-json\/wp\/v2\/pages\/2748"}],"collection":[{"href":"https:\/\/lifejr.com\/vi\/wp-json\/wp\/v2\/pages"}],"about":[{"href":"https:\/\/lifejr.com\/vi\/wp-json\/wp\/v2\/types\/page"}],"author":[{"embeddable":true,"href":"https:\/\/lifejr.com\/vi\/wp-json\/wp\/v2\/users\/1"}],"replies":[{"embeddable":true,"href":"https:\/\/lifejr.com\/vi\/wp-json\/wp\/v2\/comments?post=2748"}],"version-history":[{"count":5,"href":"https:\/\/lifejr.com\/vi\/wp-json\/wp\/v2\/pages\/2748\/revisions"}],"predecessor-version":[{"id":3105,"href":"https:\/\/lifejr.com\/vi\/wp-json\/wp\/v2\/pages\/2748\/revisions\/3105"}],"wp:attachment":[{"href":"https:\/\/lifejr.com\/vi\/wp-json\/wp\/v2\/media?parent=2748"}],"curies":[{"name":"wp","href":"https:\/\/api.w.org\/{rel}","templated":true}]}}