{"id":2760,"date":"2023-02-08T16:14:29","date_gmt":"2023-02-08T07:14:29","guid":{"rendered":"https:\/\/lifejr.com\/tong-quan-ve-truong\/"},"modified":"2023-06-22T13:06:15","modified_gmt":"2023-06-22T04:06:15","slug":"tong-quan-ve-truong","status":"publish","type":"page","link":"https:\/\/lifejr.com\/vi\/tong-quan-ve-truong\/","title":{"rendered":"T\u1ed5ng quan v\u1ec1 tr\u01b0\u1eddng"},"content":{"rendered":"\n<p class=\"has-text-align-center\"><strong>Cho \u0111\u1ebfn nay, nhi\u1ec1u sinh vi\u00ean qu\u1ed1c t\u1ebf \u0111\u00e3 m\u1edf ra c\u00e1nh c\u1eeda cho m\u1ed9t cu\u1ed9c s\u1ed1ng m\u1edbi t\u1ea1i H\u1ecdc vi\u1ec7n Nh\u1eadt ng\u1eef Life Junior v\u00e0 \u0111ang ho\u1ea1t \u0111\u1ed9ng trong nhi\u1ec1u l\u0129nh v\u1ef1c kh\u00e1c nhau.<\/strong><\/p>\n\n<aside class=\"wp-block-snow-monkey-blocks-section smb-section smb-section--fit sme-hidden-sm\" style=\"--smb-section--contents-wrapper-width:900px\"><div class=\"smb-section__inner\"><div class=\"c-container\"><div class=\"smb-section__contents-wrapper\"><div class=\"smb-section__body\">\n<p style=\"font-size:20px\"><strong><span style=\"color: #cf2e2e\" class=\"sme-text-color\"><span style=\"font-size: 36px\" class=\"sme-font-size\">L<\/span><\/span> ki\u1ebfm &#8220;H\u1ecdc&#8221;&#8230;&#8221;H\u1ecdc&#8221; s\u1ef1 kh\u00f4n ngoan \u0111\u1ec3 suy ngh\u0129 v\u00e0 h\u00e0nh \u0111\u1ed9ng cho ch\u00ednh m\u00ecnh<br\/><span style=\"color: #cf2e2e\" class=\"sme-text-color\"><span style=\"font-size: 36px\" class=\"sme-font-size\">Ph\u00e1t minh<\/span><\/span> &#8220;S\u00e1ng t\u1ea1o&#8221;&#8230;T\u1ef1 h\u1ecdc v\u00e0 &#8220;S\u00e1ng t\u1ea1o&#8221; ch\u00ednh m\u00ecnh trong t\u01b0\u01a1ng lai<br\/><span style=\"color: #cf2e2e\" class=\"sme-text-color\"><span style=\"font-size: 36px\" class=\"sme-font-size\">F<\/span><\/span> ellowship &#8220;\u0111\u1ed3ng c\u1ea3m&#8221;&#8230;H\u00e3y c\u00f3 m\u1ed9t tr\u00e1i tim &#8220;\u0111\u1ed3ng c\u1ea3m&#8221; \u0111\u1ec3 n\u00e2ng \u0111\u1ee1 nhau d\u00f9 bao l\u1ea7n th\u1ea5t b\u1ea1i<br\/><span style=\"color: #cf2e2e\" class=\"sme-text-color\"><span style=\"font-size: 36px\" class=\"sme-font-size\">Chuy\u00ean m\u00f4n<\/span><\/span> \u201cChuy\u00ean m\u00f4n\u201d&#8230; L\u00e0m ch\u1ee7 l\u0129nh v\u1ef1c \u201cchuy\u00ean m\u00f4n\u201d \u0111\u1ec3 t\u1ed3n t\u1ea1i trong x\u00e3 h\u1ed9i<\/strong><\/p>\n<\/div><\/div><\/div><\/div><\/aside>\n\n<aside class=\"wp-block-snow-monkey-blocks-section smb-section smb-section--fit sme-hidden-md sme-hidden-lg-up\" style=\"--smb-section--contents-wrapper-width:900px\"><div class=\"smb-section__inner\"><div class=\"c-container\"><div class=\"smb-section__contents-wrapper\"><div class=\"smb-section__body\">\n<p class=\"has-text-align-center\" style=\"font-size:20px\"><strong><span style=\"color: #cf2e2e\" class=\"sme-text-color\"><span style=\"font-size: 36px\" class=\"sme-font-size\">L<\/span><\/span> thu nh\u1eadp<\/strong><br\/><strong>Tr\u00ed tu\u1ec7 \u0111\u1ec3 suy ngh\u0129 v\u00e0 h\u00e0nh \u0111\u1ed9ng \u0111\u1ed9c l\u1eadp<\/strong><br\/><strong>&#8220;h\u1ecdc h\u1ecfi&#8221;<\/strong><br\/><strong><br\/><span style=\"color: #cf2e2e\" class=\"sme-text-color\"><span style=\"font-size: 36px\" class=\"sme-font-size\">S\u1ef1 ph\u00e1t minh<\/span><\/span><\/strong><br\/><strong>T\u1ef1 h\u1ecdc v\u00e0 b\u1ea3n th\u00e2n t\u01b0\u01a1ng lai<\/strong><br\/><strong>&#8220;T\u1ea1o n\u00ean<\/strong><br\/><strong><br\/>h\u1ecdc b\u1ed5ng <span style=\"color: #cf2e2e\" class=\"sme-text-color\"><span style=\"font-size: 36px\" class=\"sme-font-size\">F<\/span><\/span><\/strong><br\/><strong>H\u1ed7 tr\u1ee3 l\u1eabn nhau cho d\u00f9 ch\u00fang ta th\u1ea5t b\u1ea1i bao nhi\u00eau l\u1ea7n<\/strong><br\/><strong>C\u00f3 tr\u00e1i tim &#8220;nh\u00e2n \u00e1i&#8221;<\/strong><br\/><strong><br\/><span style=\"color: #cf2e2e\" class=\"sme-text-color\"><span style=\"font-size: 36px\" class=\"sme-font-size\">Chuy\u00ean m\u00f4n<\/span><\/span> &#8220;Chuy\u00ean m\u00f4n&#8221;<\/strong><br\/><strong>\u0111\u1ec3 s\u1ed1ng trong x\u00e3 h\u1ed9i<\/strong><br\/><strong>N\u1eafm v\u1eefng l\u0129nh v\u1ef1c \u201cchuy\u00ean m\u00f4n v\u00e0 tinh th\u00f4ng\u201d<\/strong><\/p>\n<\/div><\/div><\/div><\/div><\/aside>\n\n<h2 class=\"wp-block-heading\">L\u1eddi ch\u00e0o t\u1eeb hi\u1ec7u tr\u01b0\u1edfng<\/h2>\n\n<div class=\"wp-block-columns is-layout-flex wp-container-3\">\n<div class=\"wp-block-column is-layout-flow\" style=\"flex-basis:66.66%\">\n<div style=\"height:40px\" aria-hidden=\"true\" class=\"wp-block-spacer\"><\/div>\n\n\n\n<p>H\u1ecdc vi\u1ec7n Nh\u1eadt ng\u1eef Life Junior c\u00f3 b\u1ed1n tri\u1ebft l\u00fd gi\u00e1o d\u1ee5c: H\u1ecdc t\u1eadp, Ph\u00e1t minh, H\u1ecdc b\u1ed5ng v\u00e0 Chuy\u00ean m\u00f4n.<\/p>\n\n\n\n<p>Nhi\u1ec1u h\u1ecdc sinh \u0111\u00e3 m\u1edf ra c\u00e1nh c\u1eeda cho m\u1ed9t cu\u1ed9c s\u1ed1ng m\u1edbi t\u1ea1i Tr\u01b0\u1eddng Nh\u1eadt ng\u1eef Life Junior v\u00e0 \u0111ang ho\u1ea1t \u0111\u1ed9ng trong nhi\u1ec1u l\u0129nh v\u1ef1c kh\u00e1c nhau \u1edf Nh\u1eadt B\u1ea3n v\u00e0 n\u01b0\u1edbc ngo\u00e0i.<\/p>\n\n\n\n<p>Cu\u1ed9c s\u1ed1ng \u0111\u1ea7y \u1eafp n\u1ee5 c\u01b0\u1eddi, nh\u1eefng \u01b0\u1edbc m\u01a1 v\u00e0 hi v\u1ecdng v\u00e0o t\u01b0\u01a1ng lai c\u1ee7a c\u00e1c b\u1ea1n du h\u1ecdc sinh Nh\u1eadt ng\u1eef. V\u00e0 c\u00f3 r\u1ea5t nhi\u1ec1u gi\u00e1o vi\u00ean tr\u00f4ng ch\u1eebng n\u00f3. N\u1ebfu b\u1ea1n th\u1ef1c s\u1ef1 mu\u1ed1n bi\u1ebfn \u01b0\u1edbc m\u01a1 c\u1ee7a m\u00ecnh th\u00e0nh hi\u1ec7n th\u1ef1c, ch\u00fang t\u00f4i s\u1ebd n\u1ed7 l\u1ef1c h\u1ebft m\u00ecnh \u0111\u1ec3 h\u1ed7 tr\u1ee3 120%.<\/p>\n\n\n\n<p>Ch\u00fang t\u00f4i n\u1ed3ng nhi\u1ec7t ch\u00e0o \u0111\u00f3n nh\u1eefng sinh vi\u00ean l\u00e0m vi\u1ec7c v\u1edbi \u01b0\u1edbc m\u01a1, hy v\u1ecdng v\u00e0 \u0111am m\u00ea nh\u01b0 th\u1ec3 h\u1ecd l\u00e0 m\u1ed9t ph\u1ea7n c\u1ee7a gia \u0111\u00ecnh ch\u00fang t\u00f4i v\u00e0 h\u01b0\u1edbng d\u1eabn h\u1ecd \u0111\u1ec3 cu\u1ed9c s\u1ed1ng c\u1ee7a h\u1ecd tr\u1edf n\u00ean phong ph\u00fa h\u01a1n sau n\u00e0y.<\/p>\n\n\n\n<p>B\u1ea1n c\u00f3 mu\u1ed1n bi\u1ebfn \u01b0\u1edbc m\u01a1 trong t\u01b0\u01a1ng lai c\u1ee7a m\u00ecnh th\u00e0nh hi\u1ec7n th\u1ef1c v\u1edbi ch\u00fang t\u00f4i t\u1ea1i Okinawa, n\u01a1i c\u00f3 kh\u00ed h\u1eadu \u00f4n h\u00f2a v\u00e0 con ng\u01b0\u1eddi t\u1ed1t b\u1ee5ng kh\u00f4ng?<\/p>\n<\/div>\n\n\n\n<div class=\"wp-block-column is-layout-flow\" style=\"flex-basis:33.33%\">\n<div style=\"height:40px\" aria-hidden=\"true\" class=\"wp-block-spacer sme-hidden-sm\"><\/div>\n\n\n\n<figure class=\"wp-block-image size-full is-resized\"><img decoding=\"async\" loading=\"lazy\" src=\"https:\/\/lifejr.com\/wp-content\/uploads\/2023\/03\/unnamed2.png\" alt=\"\" class=\"wp-image-1209\" width=\"450\" height=\"399\" srcset=\"https:\/\/lifejr.com\/wp-content\/uploads\/2023\/03\/unnamed2.png 900w, https:\/\/lifejr.com\/wp-content\/uploads\/2023\/03\/unnamed2-300x266.png 300w, https:\/\/lifejr.com\/wp-content\/uploads\/2023\/03\/unnamed2-768x681.png 768w, https:\/\/lifejr.com\/wp-content\/uploads\/2023\/03\/unnamed2-24x21.png 24w, https:\/\/lifejr.com\/wp-content\/uploads\/2023\/03\/unnamed2-36x32.png 36w, https:\/\/lifejr.com\/wp-content\/uploads\/2023\/03\/unnamed2-48x43.png 48w\" sizes=\"(max-width: 450px) 100vw, 450px\" \/><figcaption class=\"wp-element-caption\"><br\/><strong><mark style=\"background-color:rgba(0, 0, 0, 0)\" class=\"has-inline-color has-text-color-color\"><span class=\"sme-font-size has-sm-m-font-size\">Takamitsu Hirata, Hi\u1ec7u tr\u01b0\u1edfng H\u1ecdc vi\u1ec7n Nh\u1eadt ng\u1eef Life Junior<\/span><\/mark><\/strong><\/figcaption><\/figure><\/div>\n<\/div>\n\n<h2 class=\"wp-block-heading\">th\u00f4ng tin c\u01a1 b\u1ea3n<\/h2>\n\n<figure class=\"wp-block-table my-table\"><table><tbody><tr><td>T\u00ean c\u01a1 s\u1edf<\/td><td>B\u1ed9 T\u01b0 ph\u00e1p C\u01a1 s\u1edf gi\u00e1o d\u1ee5c ti\u1ebfng Nh\u1eadt<br\/>H\u1ecdc vi\u1ec7n Nh\u1eadt ng\u1eef Life Junior<\/td><\/tr><tr><td>\u0110\u1ecba ch\u1ec9<\/td><td>\u3012902-0064<br\/>1-8-50 Yorimiya, th\u00e0nh ph\u1ed1 Naha, t\u1ec9nh Okinawa<\/td><\/tr><tr><td>s\u1ed1 \u0111i\u1ec7n tho\u1ea1i<\/td><td>\u0110T: 098-996-5023<br\/>Fax: 098-996-5024<\/td><\/tr><tr><td>\u0111\u1ecba ch\u1ec9 th\u01b0 \u0111i\u1ec7n t\u1eed<\/td><td>infojpn@life.ac.jp<\/td><\/tr><\/tbody><\/table><\/figure>\n<h2 class=\"wp-block-heading\">L\u1ecbch s\u1eed<\/h2>\n\n<figure class=\"wp-block-table my-table\"><table><tbody><tr><td>th\u00e1ng 4 n\u0103m 2014<\/td><td>T\u1ed5 ch\u1ee9c gi\u00e1o d\u1ee5c Seido Gakuen Life Junior College khai tr\u01b0\u01a1ng<\/td><\/tr><tr><td>th\u00e1ng 10 n\u0103m 2015<\/td><td>Khai tr\u01b0\u01a1ng c\u00f4ng ty tr\u00e1ch nhi\u1ec7m h\u1eefu h\u1ea1n Tr\u01b0\u1eddng Nh\u1eadt ng\u1eef Life Junior<\/td><\/tr><tr><td>th\u00e1ng 9 n\u0103m 2018<\/td><td>Kh\u00f3a \u0111\u00e0o t\u1ea1o gi\u00e1o vi\u00ean ti\u1ebfng Nh\u1eadt c\u1ee7a Human Academy C\u00f4ng v\u0103n Gi\u1ea3ng vi\u00ean<\/td><\/tr><tr><td>th\u00e1ng 2 n\u0103m 2019<\/td><td>B\u1eaft \u0111\u1ea7u ti\u1ebfp nh\u1eadn th\u1ef1c t\u1eadp sinh k\u1ef9 n\u0103ng sau khi nh\u1eadp c\u1ea3nh Nh\u1eadt B\u1ea3n<\/td><\/tr><tr><td>Th\u00e1ng Gi\u00eang 2020<\/td><td>Ph\u00ea duy\u1ec7t t\u1ed5 ch\u1ee9c h\u1ed7 tr\u1ee3 \u0111\u0103ng k\u00fd lao \u0111\u1ed9ng c\u00f3 tay ngh\u1ec1 \u0111\u1eb7c \u0111\u1ecbnh<\/td><\/tr><tr><td>th\u00e1ng 6 n\u0103m 2022<\/td><td>Th\u00e0nh l\u1eadp V\u0103n ph\u00f2ng H\u1ed9i ng\u01b0\u1eddi Vi\u1ec7t t\u1ec9nh Okinawa<\/td><\/tr><tr><td>th\u00e1ng 11 n\u0103m 2022<\/td><td>Th\u00e0nh l\u1eadp C\u00f4ng ty TNHH Gi\u00e1o d\u1ee5c Ngu\u1ed3n nh\u00e2n l\u1ef1c LIFE (H\u00e0 N\u1ed9i, Vi\u1ec7t Nam)<\/td><\/tr><\/tbody><\/table><\/figure>\n<h2 class=\"wp-block-heading\">truy c\u1eadp<\/h2>\n<div>\n<iframe src=\"https:\/\/www.google.com\/maps\/embed?pb=!1m18!1m12!1m3!1d3579.6015253339488!2d127.69044481489732!3d26.209637683435467!2m3!1f0!2f0!3f0!3m2!1i1024!2i768!4f13.1!3m3!1m2!1s0x34e5696e1727fdff%3A0xcbbc18ee5bae0654!2z44Op44Kk44OV44K444Ol44OL44Ki5pel5pys6Kqe5a2m6Zmi!5e0!3m2!1sja!2sjp!4v1679296476038!5m2!1sja!2sjp\" width=\"1300\" height=\"500\" style=\"border:0;\" allowfullscreen=\"\" loading=\"lazy\" referrerpolicy=\"no-referrer-when-downgrade\"><\/iframe>\n<\/div>\n<div style=\"height:10px\" aria-hidden=\"true\" class=\"wp-block-spacer\"><\/div>\n\n<figure class=\"wp-block-gallery has-nested-images columns-default is-cropped wp-block-gallery-4 is-layout-flex\">\n<figure class=\"wp-block-image size-large\"><img decoding=\"async\" data-id=\"1374\"  src=\"https:\/\/lifejr.com\/wp-content\/uploads\/2023\/05\/&#x6821;&#x820E;&#x5185;_&#x30B4;&#x30DF;_&#x968E;&#x6BB5;-1024x628.jpg\" alt=\"\" class=\"wp-image-1374\"\/><\/figure>\n\n\n<figure class=\"wp-block-image size-large\"><img decoding=\"async\" data-id=\"1375\"  src=\"https:\/\/lifejr.com\/wp-content\/uploads\/2023\/05\/&#x6821;&#x820E;&#x5185;_&#x6559;&#x5BA4;-1-1024x768.jpg\" alt=\"\" class=\"wp-image-1375\"\/><\/figure>\n\n\n<figure class=\"wp-block-image size-large\"><img decoding=\"async\" data-id=\"1376\"  src=\"https:\/\/lifejr.com\/wp-content\/uploads\/2023\/05\/&#x6821;&#x820E;&#x5185;_&#x63B2;&#x793A;&#x7269;-1024x810.jpg\" alt=\"\" class=\"wp-image-1376\"\/><\/figure>\n\n\n<figure class=\"wp-block-image size-large\"><img decoding=\"async\" data-id=\"1372\"  src=\"https:\/\/lifejr.com\/wp-content\/uploads\/2023\/05\/&#x5B66;&#x6821;&#x5916;&#x89B3;-1-1024x683.jpg\" alt=\"\" class=\"wp-image-1372\"\/><\/figure><\/figure>\n","protected":false},"excerpt":{"rendered":"<p>Cho \u0111\u1ebfn nay, nhi\u1ec1u sinh vi\u00ean qu\u1ed1c t\u1ebf \u0111\u00e3 m\u1edf ra c\u00e1nh c\u1eeda cho m\u1ed9t cu\u1ed9c s\u1ed1ng m\u1edbi t\u1ea1i H\u1ecdc vi\u1ec7n Nh\u1eadt ng\u1eef Life Junior v\u00e0 \u0111ang ho\u1ea1t \u0111\u1ed9ng trong nhi\u1ec1u l\u0129nh v\u1ef1c kh\u00e1c nhau. L ki\u1ebfm &#8220;H\u1ecdc&#8221;&#8230;&#8221;H\u1ecdc&#8221; s\u1ef1 kh\u00f4n ngoan \u0111\u1ec3 suy ngh\u0129 v\u00e0 h\u00e0nh \u0111\u1ed9ng cho ch\u00ednh m\u00ecnhPh\u00e1t minh &#8220;S\u00e1ng t\u1ea1o&#8221;&#8230;T\u1ef1 h\u1ecdc v\u00e0 [&hellip;]<\/p>\n","protected":false},"author":1,"featured_media":2151,"parent":0,"menu_order":0,"comment_status":"closed","ping_status":"closed","template":"","meta":[],"_links":{"self":[{"href":"https:\/\/lifejr.com\/vi\/wp-json\/wp\/v2\/pages\/2760"}],"collection":[{"href":"https:\/\/lifejr.com\/vi\/wp-json\/wp\/v2\/pages"}],"about":[{"href":"https:\/\/lifejr.com\/vi\/wp-json\/wp\/v2\/types\/page"}],"author":[{"embeddable":true,"href":"https:\/\/lifejr.com\/vi\/wp-json\/wp\/v2\/users\/1"}],"replies":[{"embeddable":true,"href":"https:\/\/lifejr.com\/vi\/wp-json\/wp\/v2\/comments?post=2760"}],"version-history":[{"count":7,"href":"https:\/\/lifejr.com\/vi\/wp-json\/wp\/v2\/pages\/2760\/revisions"}],"predecessor-version":[{"id":3092,"href":"https:\/\/lifejr.com\/vi\/wp-json\/wp\/v2\/pages\/2760\/revisions\/3092"}],"wp:featuredmedia":[{"embeddable":true,"href":"https:\/\/lifejr.com\/vi\/wp-json\/wp\/v2\/media\/2151"}],"wp:attachment":[{"href":"https:\/\/lifejr.com\/vi\/wp-json\/wp\/v2\/media?parent=2760"}],"curies":[{"name":"wp","href":"https:\/\/api.w.org\/{rel}","templated":true}]}}