{"id":2816,"date":"2023-02-08T16:14:29","date_gmt":"2023-02-08T07:14:29","guid":{"rendered":"https:\/\/lifejr.com\/giong-hoc-sinh\/"},"modified":"2023-06-22T13:06:37","modified_gmt":"2023-06-22T04:06:37","slug":"giong-hoc-sinh","status":"publish","type":"page","link":"https:\/\/lifejr.com\/vi\/giong-hoc-sinh\/","title":{"rendered":"gi\u1ecdng h\u1ecdc sinh"},"content":{"rendered":"\n<aside class=\"wp-block-snow-monkey-blocks-section smb-section smb-section--fit\" style=\"--smb-section--fixed-background-color:var(--_color-white)\"><div class=\"smb-section__fixed-background\"><\/div><div class=\"smb-section__inner\"><div class=\"c-container\"><div class=\"smb-section__contents-wrapper\"><div class=\"smb-section__body\">\n<p class=\"has-text-align-center\"><strong>T\u1ea1i Tr\u01b0\u1eddng Nh\u1eadt ng\u1eef Life Junior, h\u1ecdc sinh \u0111a qu\u1ed1c t\u1ecbch h\u1ecdc chung m\u1ed9t l\u1edbp,<\/strong><br\/><strong>Ch\u00fang t\u00f4i \u0111ang l\u00e0m vi\u1ec7c ch\u0103m ch\u1ec9 \u0111\u1ec3 \u0111\u1ea1t \u0111\u01b0\u1ee3c \u01b0\u1edbc m\u01a1 v\u00e0 m\u1ee5c ti\u00eau c\u1ee7a m\u00ecnh.<\/strong><\/p>\n\n\n\n<div style=\"height:20px\" aria-hidden=\"true\" class=\"wp-block-spacer\"><\/div>\n\n\n\n<div class=\"wp-block-columns is-layout-flex wp-container-3\">\n<div class=\"wp-block-column is-vertically-aligned-bottom sme-animation-fade-in-up is-layout-flow\" style=\"flex-basis:30%\" data-sme-animation-delay=\"0.2\" data-sme-animation-duration=\"2\">\n<figure class=\"wp-block-image aligncenter size-full is-resized is-style-default\"><img decoding=\"async\" loading=\"lazy\" src=\"https:\/\/lifejr.com\/wp-content\/uploads\/2023\/06\/Mr.ato_.png\" alt=\"\" class=\"wp-image-3002\" width=\"317\" height=\"263\" srcset=\"https:\/\/lifejr.com\/wp-content\/uploads\/2023\/06\/Mr.ato_.png 422w, https:\/\/lifejr.com\/wp-content\/uploads\/2023\/06\/Mr.ato_-300x250.png 300w, https:\/\/lifejr.com\/wp-content\/uploads\/2023\/06\/Mr.ato_-24x20.png 24w, https:\/\/lifejr.com\/wp-content\/uploads\/2023\/06\/Mr.ato_-36x30.png 36w, https:\/\/lifejr.com\/wp-content\/uploads\/2023\/06\/Mr.ato_-48x40.png 48w\" sizes=\"(max-width: 317px) 100vw, 317px\" \/><figcaption class=\"wp-element-caption\"><strong><span class=\"sme-font-size has-sm-m-font-size\">Ato (Indonesia)<\/span><\/strong><\/figcaption><\/figure><\/div>\n\n\n\n<div class=\"wp-block-column is-vertically-aligned-center sme-animation-fade-in-up is-layout-flow\" style=\"flex-basis:66.66%\" data-sme-animation-delay=\"0.6\" data-sme-animation-duration=\"2\">\n<p class=\"is-style-default has-sm-lightest-gray-background-color has-background\"><strong><span style=\"font-size: 20px\" class=\"sme-font-size\">Anh \u1ea5y c\u0169ng tr\u1edf n\u00ean t\u1eed t\u1ebf v\u1edbi t\u00f4i v\u1ec1 cu\u1ed9c s\u1ed1ng.<\/span><\/strong><br\/><br\/>T\u00f4i \u0111\u00e3 lo l\u1eafng v\u1ec1 vi\u1ec7c l\u00e0 ng\u01b0\u1eddi Indonesia duy nh\u1ea5t, nh\u01b0ng t\u00f4i \u0111\u00e3 k\u1ebft b\u1ea1n v\u1edbi nhi\u1ec1u ng\u01b0\u1eddi t\u1eeb c\u00e1c qu\u1ed1c gia kh\u00e1c v\u00e0 t\u1eadn h\u01b0\u1edfng vi\u1ec7c h\u1ecdc t\u1eadp m\u1ed7i ng\u00e0y. C\u00e1c gi\u00e1o vi\u00ean c\u1ee7a Life Junior r\u1ea5t \u00e2n c\u1ea7n d\u1ea1y t\u00f4i kh\u00f4ng ch\u1ec9 v\u1ec1 h\u1ecdc t\u1eadp m\u00e0 c\u1ea3 v\u1ec1 cu\u1ed9c s\u1ed1ng, v\u00ec v\u1eady t\u00f4i kh\u00f4ng c\u00f2n c\u1ea3m th\u1ea5y kh\u00f3 ch\u1ecbu n\u1eefa.<\/p>\n<\/div>\n<\/div>\n\n\n\n<div class=\"wp-block-columns sme-hidden-sm is-layout-flex wp-container-6\">\n<div class=\"wp-block-column is-vertically-aligned-center sme-animation-fade-in-up is-layout-flow\" style=\"flex-basis:66.66%\" data-sme-animation-delay=\"0.6\" data-sme-animation-duration=\"2\">\n<p class=\"is-style-default has-sm-lightest-gray-background-color has-background\"><span style=\"font-size: 20px\" class=\"sme-font-size\"><strong>\u1ea4n t\u01b0\u1ee3ng bi\u1ec3n xinh \u0111\u1eb9p Okinawa<\/strong> !<\/span><br\/><br\/>Kh\u00f4ng c\u00f3 bi\u1ec3n \u1edf qu\u00ea h\u01b0\u01a1ng Nepal c\u1ee7a t\u00f4i, v\u00ec v\u1eady t\u00f4i r\u1ea5t vui khi c\u00f3 th\u1ec3 \u0111\u1ebfn Okinawa \u0111\u01b0\u1ee3c bao quanh b\u1edfi bi\u1ec3n tuy\u1ec7t \u0111\u1eb9p.<br\/>Ngo\u00e0i ra, nhi\u1ec7t \u0111\u1ed9 v\u00e0 con ng\u01b0\u1eddi \u1edf Okinawa \u1ea5m \u00e1p. Trong t\u01b0\u01a1ng lai, \u01b0\u1edbc m\u01a1 c\u1ee7a t\u00f4i l\u00e0 ki\u1ebfm \u0111\u01b0\u1ee3c m\u1ed9t c\u00f4ng vi\u1ec7c t\u1ea1i m\u1ed9t kh\u00e1ch s\u1ea1n g\u1ea7n bi\u1ec3n xinh \u0111\u1eb9p \u1edf Okinawa.<\/p>\n<\/div>\n\n\n\n<div class=\"wp-block-column sme-animation-fade-in-up is-layout-flow\" style=\"flex-basis:30%\" data-sme-animation-delay=\"0.2\" data-sme-animation-duration=\"2\">\n<figure class=\"wp-block-image aligncenter size-full is-resized is-style-default\"><img decoding=\"async\" loading=\"lazy\" src=\"https:\/\/lifejr.com\/wp-content\/uploads\/2023\/06\/Ms.karina-1.png\" alt=\"\" class=\"wp-image-3032\" width=\"317\" height=\"263\" srcset=\"https:\/\/lifejr.com\/wp-content\/uploads\/2023\/06\/Ms.karina-1.png 422w, https:\/\/lifejr.com\/wp-content\/uploads\/2023\/06\/Ms.karina-1-300x250.png 300w, https:\/\/lifejr.com\/wp-content\/uploads\/2023\/06\/Ms.karina-1-24x20.png 24w, https:\/\/lifejr.com\/wp-content\/uploads\/2023\/06\/Ms.karina-1-36x30.png 36w, https:\/\/lifejr.com\/wp-content\/uploads\/2023\/06\/Ms.karina-1-48x40.png 48w\" sizes=\"(max-width: 317px) 100vw, 317px\" \/><figcaption class=\"wp-element-caption\"><strong><span class=\"sme-font-size has-sm-m-font-size\">Karina (Nepal)<\/span><\/strong><\/figcaption><\/figure><\/div>\n<\/div>\n\n\n\n<div class=\"wp-block-columns sme-hidden-lg-up sme-hidden-md is-layout-flex wp-container-9\">\n<div class=\"wp-block-column sme-animation-fade-in-up is-layout-flow\" style=\"flex-basis:30%\" data-sme-animation-delay=\"0.2\" data-sme-animation-duration=\"2\">\n<figure class=\"wp-block-image aligncenter size-full is-resized is-style-default\"><img decoding=\"async\" loading=\"lazy\" src=\"https:\/\/lifejr.com\/wp-content\/uploads\/2023\/06\/Ms.karina-1.png\" alt=\"\" class=\"wp-image-3032\" width=\"317\" height=\"263\" srcset=\"https:\/\/lifejr.com\/wp-content\/uploads\/2023\/06\/Ms.karina-1.png 422w, https:\/\/lifejr.com\/wp-content\/uploads\/2023\/06\/Ms.karina-1-300x250.png 300w, https:\/\/lifejr.com\/wp-content\/uploads\/2023\/06\/Ms.karina-1-24x20.png 24w, https:\/\/lifejr.com\/wp-content\/uploads\/2023\/06\/Ms.karina-1-36x30.png 36w, https:\/\/lifejr.com\/wp-content\/uploads\/2023\/06\/Ms.karina-1-48x40.png 48w\" sizes=\"(max-width: 317px) 100vw, 317px\" \/><figcaption class=\"wp-element-caption\"><strong><span class=\"sme-font-size has-sm-m-font-size\">Karina (Nepal)<\/span><\/strong><\/figcaption><\/figure><\/div>\n\n\n\n<div class=\"wp-block-column is-vertically-aligned-center sme-animation-fade-in-up is-layout-flow\" style=\"flex-basis:66.66%\" data-sme-animation-delay=\"0.6\" data-sme-animation-duration=\"2\">\n<p class=\"is-style-default has-sm-lightest-gray-background-color has-background\"><span style=\"font-size: 20px\" class=\"sme-font-size\"><strong>\u1ea4n t\u01b0\u1ee3ng bi\u1ec3n xinh \u0111\u1eb9p Okinawa<\/strong> !<\/span><br\/><br\/>Kh\u00f4ng c\u00f3 bi\u1ec3n \u1edf qu\u00ea h\u01b0\u01a1ng Nepal c\u1ee7a t\u00f4i, v\u00ec v\u1eady t\u00f4i r\u1ea5t vui khi c\u00f3 th\u1ec3 \u0111\u1ebfn Okinawa \u0111\u01b0\u1ee3c bao quanh b\u1edfi bi\u1ec3n tuy\u1ec7t \u0111\u1eb9p.<br\/>Ngo\u00e0i ra, nhi\u1ec7t \u0111\u1ed9 v\u00e0 con ng\u01b0\u1eddi \u1edf Okinawa \u1ea5m \u00e1p. Trong t\u01b0\u01a1ng lai, \u01b0\u1edbc m\u01a1 c\u1ee7a t\u00f4i l\u00e0 ki\u1ebfm \u0111\u01b0\u1ee3c m\u1ed9t c\u00f4ng vi\u1ec7c t\u1ea1i m\u1ed9t kh\u00e1ch s\u1ea1n g\u1ea7n bi\u1ec3n xinh \u0111\u1eb9p \u1edf Okinawa.<\/p>\n<\/div>\n<\/div>\n\n\n\n<div class=\"wp-block-columns is-layout-flex wp-container-12\">\n<div class=\"wp-block-column sme-animation-fade-in-up is-layout-flow\" style=\"flex-basis:30%\" data-sme-animation-delay=\"0.2\" data-sme-animation-duration=\"2\">\n<figure class=\"wp-block-image aligncenter size-full is-resized is-style-default\"><img decoding=\"async\" loading=\"lazy\" src=\"https:\/\/lifejr.com\/wp-content\/uploads\/2023\/06\/Ms.e.png\" alt=\"\" class=\"wp-image-3008\" width=\"317\" height=\"263\" srcset=\"https:\/\/lifejr.com\/wp-content\/uploads\/2023\/06\/Ms.e.png 422w, https:\/\/lifejr.com\/wp-content\/uploads\/2023\/06\/Ms.e-300x249.png 300w, https:\/\/lifejr.com\/wp-content\/uploads\/2023\/06\/Ms.e-24x20.png 24w, https:\/\/lifejr.com\/wp-content\/uploads\/2023\/06\/Ms.e-36x30.png 36w, https:\/\/lifejr.com\/wp-content\/uploads\/2023\/06\/Ms.e-48x40.png 48w\" sizes=\"(max-width: 317px) 100vw, 317px\" \/><figcaption class=\"wp-element-caption\"><strong><span class=\"sme-font-size has-sm-m-font-size\"><strong>Anh A (Myanmar)<\/strong><\/span><\/strong><\/figcaption><\/figure><\/div>\n\n\n\n<div class=\"wp-block-column is-vertically-aligned-center sme-animation-fade-in-up is-layout-flow\" style=\"flex-basis:66.66%\" data-sme-animation-delay=\"0.6\" data-sme-animation-duration=\"2\">\n<p class=\"has-sm-lightest-gray-background-color has-background\"><strong><span style=\"font-size: 20px\" class=\"sme-font-size\">C\u1ea3i thi\u1ec7n ti\u1ebfng Nh\u1eadt c\u1ee7a b\u1ea1n<\/span><\/strong><br\/><br\/>Sau khi \u0111\u1ebfn Nh\u1eadt B\u1ea3n v\u1edbi t\u01b0 c\u00e1ch l\u00e0 m\u1ed9t sinh vi\u00ean trao \u0111\u1ed5i, kh\u00f4ng gi\u1ed1ng nh\u01b0 khi t\u00f4i h\u1ecdc \u1edf Myanmar, t\u00f4i ngh\u0129 r\u1eb1ng m\u00ecnh \u0111\u00e3 ti\u1ebfn b\u1ed9 r\u1ea5t nhi\u1ec1u nh\u1edd nghe v\u00e0 n\u00f3i ti\u1ebfng Nh\u1eadt m\u1ed7i ng\u00e0y. Sau khi t\u1ed1t nghi\u1ec7p t\u1eeb LIFE, t\u00f4i mu\u1ed1n h\u1ecdc l\u00ean cao h\u01a1n v\u00e0 l\u00e0m vi\u1ec7c trong ng\u00e0nh th\u01b0\u01a1ng m\u1ea1i.<\/p>\n<\/div>\n<\/div>\n\n\n\n<div class=\"wp-block-columns sme-hidden-sm is-layout-flex wp-container-15\">\n<div class=\"wp-block-column is-vertically-aligned-center sme-animation-fade-in-up is-layout-flow\" style=\"flex-basis:66.66%\" data-sme-animation-delay=\"0.6\" data-sme-animation-duration=\"2\">\n<p class=\"has-sm-lightest-gray-background-color has-background\"><strong><span style=\"font-size: 20px\" class=\"sme-font-size\">m\u1ed7i ng\u00e0y \u0111\u1ec1u vi\u00ean m\u00e3n<\/span><\/strong><br\/><br\/>T\u00f4i ch\u01b0a bao gi\u1edd c\u1ea3m th\u1ea5y r\u1eb1ng cu\u1ed9c s\u1ed1ng l\u1edbp h\u1ecdc c\u01a1 s\u1edf l\u00e0 nh\u00e0m ch\u00e1n. M\u1ed7i ng\u00e0y \u0111\u1ec1u tr\u1ecdn v\u1eb9n v\u00ec gi\u00e1o vi\u00ean v\u00e0 h\u1ecdc sinh kh\u00f4ng n\u00f3i chuy\u1ec7n m\u1ed9t chi\u1ec1u m\u00e0 l\u1edbp h\u1ecdc ti\u1ebfn b\u1ed9 theo c\u1ea3 hai h\u01b0\u1edbng. N\u1ebfu t\u00f4i kh\u00f4ng hi\u1ec3u \u0111i\u1ec1u g\u00ec trong gi\u1edd h\u1ecdc, gi\u00e1o vi\u00ean s\u1ebd d\u1ea1y t\u00f4i trong gi\u1edd gi\u1ea3i lao ho\u1eb7c sau gi\u1edd h\u1ecdc cho \u0111\u1ebfn khi t\u00f4i hi\u1ec3u.<\/p>\n<\/div>\n\n\n\n<div class=\"wp-block-column sme-animation-fade-in-up is-layout-flow\" style=\"flex-basis:30%\" data-sme-animation-delay=\"0.2\" data-sme-animation-duration=\"2\">\n<figure class=\"wp-block-image aligncenter size-full is-resized is-style-default\"><img decoding=\"async\" loading=\"lazy\" src=\"https:\/\/lifejr.com\/wp-content\/uploads\/2023\/06\/Ms.fen_.png\" alt=\"\" class=\"wp-image-3020\" width=\"317\" height=\"263\" srcset=\"https:\/\/lifejr.com\/wp-content\/uploads\/2023\/06\/Ms.fen_.png 422w, https:\/\/lifejr.com\/wp-content\/uploads\/2023\/06\/Ms.fen_-300x250.png 300w, https:\/\/lifejr.com\/wp-content\/uploads\/2023\/06\/Ms.fen_-24x20.png 24w, https:\/\/lifejr.com\/wp-content\/uploads\/2023\/06\/Ms.fen_-36x30.png 36w, https:\/\/lifejr.com\/wp-content\/uploads\/2023\/06\/Ms.fen_-48x40.png 48w\" sizes=\"(max-width: 317px) 100vw, 317px\" \/><figcaption class=\"wp-element-caption\"><strong><span class=\"sme-font-size has-sm-m-font-size\">Anh Feng (Vi\u1ec7t Nam)<\/span><\/strong><\/figcaption><\/figure><\/div>\n<\/div>\n\n\n\n<div class=\"wp-block-columns sme-hidden-lg-up sme-hidden-md is-layout-flex wp-container-18\">\n<div class=\"wp-block-column sme-animation-fade-in-up is-layout-flow\" style=\"flex-basis:30%\" data-sme-animation-delay=\"0.2\" data-sme-animation-duration=\"2\">\n<figure class=\"wp-block-image aligncenter size-full is-resized is-style-default\"><img decoding=\"async\" loading=\"lazy\" src=\"https:\/\/lifejr.com\/wp-content\/uploads\/2023\/06\/Ms.fen_.png\" alt=\"\" class=\"wp-image-3020\" width=\"317\" height=\"263\" srcset=\"https:\/\/lifejr.com\/wp-content\/uploads\/2023\/06\/Ms.fen_.png 422w, https:\/\/lifejr.com\/wp-content\/uploads\/2023\/06\/Ms.fen_-300x250.png 300w, https:\/\/lifejr.com\/wp-content\/uploads\/2023\/06\/Ms.fen_-24x20.png 24w, https:\/\/lifejr.com\/wp-content\/uploads\/2023\/06\/Ms.fen_-36x30.png 36w, https:\/\/lifejr.com\/wp-content\/uploads\/2023\/06\/Ms.fen_-48x40.png 48w\" sizes=\"(max-width: 317px) 100vw, 317px\" \/><figcaption class=\"wp-element-caption\"><strong><span class=\"sme-font-size has-sm-m-font-size\">Anh Feng (Vi\u1ec7t Nam)<\/span><\/strong><\/figcaption><\/figure><\/div>\n\n\n\n<div class=\"wp-block-column is-vertically-aligned-center sme-animation-fade-in-up is-layout-flow\" style=\"flex-basis:66.66%\" data-sme-animation-delay=\"0.6\" data-sme-animation-duration=\"2\">\n<p class=\"has-sm-lightest-gray-background-color has-background\"><strong><span style=\"font-size: 20px\" class=\"sme-font-size\">m\u1ed7i ng\u00e0y \u0111\u1ec1u vi\u00ean m\u00e3n<\/span><\/strong><br\/><br\/>T\u00f4i ch\u01b0a bao gi\u1edd c\u1ea3m th\u1ea5y r\u1eb1ng cu\u1ed9c s\u1ed1ng l\u1edbp h\u1ecdc c\u01a1 s\u1edf l\u00e0 nh\u00e0m ch\u00e1n. M\u1ed7i ng\u00e0y \u0111\u1ec1u tr\u1ecdn v\u1eb9n v\u00ec gi\u00e1o vi\u00ean v\u00e0 h\u1ecdc sinh kh\u00f4ng n\u00f3i chuy\u1ec7n m\u1ed9t chi\u1ec1u m\u00e0 l\u1edbp h\u1ecdc ti\u1ebfn b\u1ed9 theo c\u1ea3 hai h\u01b0\u1edbng. N\u1ebfu t\u00f4i kh\u00f4ng hi\u1ec3u \u0111i\u1ec1u g\u00ec trong gi\u1edd h\u1ecdc, gi\u00e1o vi\u00ean s\u1ebd d\u1ea1y t\u00f4i trong gi\u1edd gi\u1ea3i lao ho\u1eb7c sau gi\u1edd h\u1ecdc cho \u0111\u1ebfn khi t\u00f4i hi\u1ec3u.<\/p>\n<\/div>\n<\/div>\n\n\n\n<div class=\"wp-block-columns is-layout-flex wp-container-21\">\n<div class=\"wp-block-column sme-animation-fade-in-up is-layout-flow\" style=\"flex-basis:30%\" data-sme-animation-delay=\"0.2\" data-sme-animation-duration=\"2\">\n<figure class=\"wp-block-image aligncenter size-full is-resized is-style-default\"><img decoding=\"async\" loading=\"lazy\" src=\"https:\/\/lifejr.com\/wp-content\/uploads\/2023\/06\/Mr.muna_.png\" alt=\"\" class=\"wp-image-3014\" width=\"317\" height=\"263\" srcset=\"https:\/\/lifejr.com\/wp-content\/uploads\/2023\/06\/Mr.muna_.png 422w, https:\/\/lifejr.com\/wp-content\/uploads\/2023\/06\/Mr.muna_-300x250.png 300w, https:\/\/lifejr.com\/wp-content\/uploads\/2023\/06\/Mr.muna_-24x20.png 24w, https:\/\/lifejr.com\/wp-content\/uploads\/2023\/06\/Mr.muna_-36x30.png 36w, https:\/\/lifejr.com\/wp-content\/uploads\/2023\/06\/Mr.muna_-48x40.png 48w\" sizes=\"(max-width: 317px) 100vw, 317px\" \/><figcaption class=\"wp-element-caption\"><strong><span class=\"sme-font-size has-sm-m-font-size\"><strong>\u00d4ng Munna ( <strong>C\u1ed9ng h\u00f2a Nh\u00e2n d\u00e2n Bangladesh<\/strong> )<\/strong><\/span><\/strong><\/figcaption><\/figure><\/div>\n\n\n\n<div class=\"wp-block-column is-vertically-aligned-center sme-animation-fade-in-up is-layout-flow\" style=\"flex-basis:66.66%\" data-sme-animation-delay=\"0.6\" data-sme-animation-duration=\"2\">\n<p class=\"has-sm-lightest-gray-background-color has-background\"><strong><span style=\"font-size: 20px\" class=\"sme-font-size\">T\u00f4i mu\u1ed1n n\u1eafm b\u1eaft c\u00e1c c\u01a1 h\u1ed9i trong t\u01b0\u01a1ng lai<\/span><\/strong><br\/><br\/>LifeJunior \u0111\u00e3 gi\u1edbi thi\u1ec7u cho t\u00f4i m\u1ed9t c\u00f4ng vi\u1ec7c b\u00e1n th\u1eddi gian \u1edf Nh\u1eadt B\u1ea3n, v\u00e0 m\u1ed7i ng\u00e0y \u0111\u1ec1u r\u1ea5t vui. N\u1ebfu b\u1ea1n c\u00f3 kinh nghi\u1ec7m l\u00e0m vi\u1ec7c t\u1ea1i Nh\u1eadt B\u1ea3n v\u00e0 c\u00f3 k\u1ef9 n\u0103ng ti\u1ebfng Nh\u1eadt cao, ph\u1ea1m vi c\u00f4ng vi\u1ec7c \u1edf Bangladesh s\u1ebd m\u1edf r\u1ed9ng. Trong t\u01b0\u01a1ng lai, t\u00f4i mu\u1ed1n l\u00e0m vi\u1ec7c cho m\u1ed9t c\u00f4ng ty li\u00ean quan \u0111\u1ebfn \u00f4 t\u00f4, v\u00ec v\u1eady t\u00f4i mu\u1ed1n h\u1ecdc t\u1eadp v\u00e0 l\u00e0m vi\u1ec7c ch\u0103m ch\u1ec9 \u0111\u1ec3 n\u1eafm b\u1eaft c\u00e1c c\u01a1 h\u1ed9i trong t\u01b0\u01a1ng lai.<\/p>\n<\/div>\n<\/div>\n\n\n\n<div class=\"wp-block-columns sme-hidden-sm is-layout-flex wp-container-24\">\n<div class=\"wp-block-column is-vertically-aligned-center sme-animation-fade-in-up is-layout-flow\" style=\"flex-basis:66.66%\" data-sme-animation-delay=\"0.6\" data-sme-animation-duration=\"2\">\n<p class=\"has-sm-lightest-gray-background-color has-background\"><strong><span style=\"font-size: 20px\" class=\"sme-font-size\">T\u00f4i mu\u1ed1n m\u1edf m\u1ed9t tr\u01b0\u1eddng d\u1ea1y ti\u1ebfng Nh\u1eadt \u1edf qu\u00ea nh\u00e0<\/span><\/strong><br\/><br\/>Sau khi t\u1ed1t nghi\u1ec7p tr\u01b0\u1eddng Nh\u1eadt ng\u1eef Life Junior, t\u00f4i mu\u1ed1n m\u1edf m\u1ed9t tr\u01b0\u1eddng d\u1ea1y ti\u1ebfng Nh\u1eadt t\u1ea1i Philippines.<br\/>\u0110\u00f3 l\u00e0 l\u00fd do t\u1ea1i sao t\u00f4i h\u1ecdc ti\u1ebfng Nh\u1eadt ch\u0103m ch\u1ec9 m\u1ed7i ng\u00e0y. Gi\u00e1o vi\u00ean vui l\u00f2ng d\u1ea1y ti\u1ebfng Nh\u1eadt v\u00e0 c\u00e1c quy t\u1eafc c\u1ee7a Nh\u1eadt B\u1ea3n. Sau khi v\u00e0o tr\u01b0\u1eddng Nh\u1eadt ng\u1eef Life Junior, t\u00f4i \u0111\u00e3 k\u1ebft b\u1ea1n t\u1eeb nhi\u1ec1u qu\u1ed1c gia kh\u00e1c nhau v\u00e0 c\u1ea3m th\u1ea5y r\u1eb1ng \u0111\u00e2y l\u00e0 m\u1ed9t m\u00f4i tr\u01b0\u1eddng r\u1ea5t t\u1ed1t \u0111\u1ec3 h\u1ecdc ti\u1ebfng Nh\u1eadt.<\/p>\n<\/div>\n\n\n\n<div class=\"wp-block-column sme-animation-fade-in-up is-layout-flow\" style=\"flex-basis:30%\" data-sme-animation-delay=\"0.2\" data-sme-animation-duration=\"2\">\n<figure class=\"wp-block-image aligncenter size-full is-resized is-style-default\"><img decoding=\"async\" loading=\"lazy\" src=\"https:\/\/lifejr.com\/wp-content\/uploads\/2023\/06\/Ms.kara_.png\" alt=\"\" class=\"wp-image-3026\" width=\"317\" height=\"263\" srcset=\"https:\/\/lifejr.com\/wp-content\/uploads\/2023\/06\/Ms.kara_.png 422w, https:\/\/lifejr.com\/wp-content\/uploads\/2023\/06\/Ms.kara_-300x250.png 300w, https:\/\/lifejr.com\/wp-content\/uploads\/2023\/06\/Ms.kara_-24x20.png 24w, https:\/\/lifejr.com\/wp-content\/uploads\/2023\/06\/Ms.kara_-36x30.png 36w, https:\/\/lifejr.com\/wp-content\/uploads\/2023\/06\/Ms.kara_-48x40.png 48w\" sizes=\"(max-width: 317px) 100vw, 317px\" \/><figcaption class=\"wp-element-caption\"><strong><span class=\"sme-font-size has-sm-m-font-size\">Carla (Phi-l\u00edp-pin)<\/span><\/strong><\/figcaption><\/figure><\/div>\n<\/div>\n\n\n\n<div class=\"wp-block-columns sme-hidden-md sme-hidden-lg-up is-layout-flex wp-container-27\">\n<div class=\"wp-block-column sme-animation-fade-in-up is-layout-flow\" style=\"flex-basis:30%\" data-sme-animation-delay=\"0.2\" data-sme-animation-duration=\"2\">\n<figure class=\"wp-block-image aligncenter size-full is-resized is-style-default\"><img decoding=\"async\" loading=\"lazy\" src=\"https:\/\/lifejr.com\/wp-content\/uploads\/2023\/06\/Ms.kara_.png\" alt=\"\" class=\"wp-image-3026\" width=\"317\" height=\"263\" srcset=\"https:\/\/lifejr.com\/wp-content\/uploads\/2023\/06\/Ms.kara_.png 422w, https:\/\/lifejr.com\/wp-content\/uploads\/2023\/06\/Ms.kara_-300x250.png 300w, https:\/\/lifejr.com\/wp-content\/uploads\/2023\/06\/Ms.kara_-24x20.png 24w, https:\/\/lifejr.com\/wp-content\/uploads\/2023\/06\/Ms.kara_-36x30.png 36w, https:\/\/lifejr.com\/wp-content\/uploads\/2023\/06\/Ms.kara_-48x40.png 48w\" sizes=\"(max-width: 317px) 100vw, 317px\" \/><figcaption class=\"wp-element-caption\"><strong><span class=\"sme-font-size has-sm-m-font-size\">Carla (Phi-l\u00edp-pin)<\/span><\/strong><\/figcaption><\/figure><\/div>\n\n\n\n<div class=\"wp-block-column is-vertically-aligned-center sme-animation-fade-in-up is-layout-flow\" style=\"flex-basis:66.66%\" data-sme-animation-delay=\"0.6\" data-sme-animation-duration=\"2\">\n<p class=\"has-sm-lightest-gray-background-color has-background\"><strong><span style=\"font-size: 20px\" class=\"sme-font-size\">T\u00f4i mu\u1ed1n m\u1edf m\u1ed9t tr\u01b0\u1eddng d\u1ea1y ti\u1ebfng Nh\u1eadt \u1edf qu\u00ea nh\u00e0<\/span><\/strong><br\/><br\/>Sau khi t\u1ed1t nghi\u1ec7p tr\u01b0\u1eddng Nh\u1eadt ng\u1eef Life Junior, t\u00f4i mu\u1ed1n m\u1edf m\u1ed9t tr\u01b0\u1eddng d\u1ea1y ti\u1ebfng Nh\u1eadt t\u1ea1i Philippines.<br\/>\u0110\u00f3 l\u00e0 l\u00fd do t\u1ea1i sao t\u00f4i h\u1ecdc ti\u1ebfng Nh\u1eadt ch\u0103m ch\u1ec9 m\u1ed7i ng\u00e0y. Gi\u00e1o vi\u00ean vui l\u00f2ng d\u1ea1y ti\u1ebfng Nh\u1eadt v\u00e0 c\u00e1c quy t\u1eafc c\u1ee7a Nh\u1eadt B\u1ea3n. Sau khi v\u00e0o tr\u01b0\u1eddng Nh\u1eadt ng\u1eef Life Junior, t\u00f4i \u0111\u00e3 k\u1ebft b\u1ea1n t\u1eeb nhi\u1ec1u qu\u1ed1c gia kh\u00e1c nhau v\u00e0 c\u1ea3m th\u1ea5y r\u1eb1ng \u0111\u00e2y l\u00e0 m\u1ed9t m\u00f4i tr\u01b0\u1eddng r\u1ea5t t\u1ed1t \u0111\u1ec3 h\u1ecdc ti\u1ebfng Nh\u1eadt.<\/p>\n<\/div>\n<\/div>\n<\/div><\/div><\/div><\/div><\/aside>\n","protected":false},"excerpt":{"rendered":"","protected":false},"author":1,"featured_media":2556,"parent":0,"menu_order":0,"comment_status":"closed","ping_status":"closed","template":"","meta":[],"_links":{"self":[{"href":"https:\/\/lifejr.com\/vi\/wp-json\/wp\/v2\/pages\/2816"}],"collection":[{"href":"https:\/\/lifejr.com\/vi\/wp-json\/wp\/v2\/pages"}],"about":[{"href":"https:\/\/lifejr.com\/vi\/wp-json\/wp\/v2\/types\/page"}],"author":[{"embeddable":true,"href":"https:\/\/lifejr.com\/vi\/wp-json\/wp\/v2\/users\/1"}],"replies":[{"embeddable":true,"href":"https:\/\/lifejr.com\/vi\/wp-json\/wp\/v2\/comments?post=2816"}],"version-history":[{"count":6,"href":"https:\/\/lifejr.com\/vi\/wp-json\/wp\/v2\/pages\/2816\/revisions"}],"predecessor-version":[{"id":3056,"href":"https:\/\/lifejr.com\/vi\/wp-json\/wp\/v2\/pages\/2816\/revisions\/3056"}],"wp:featuredmedia":[{"embeddable":true,"href":"https:\/\/lifejr.com\/vi\/wp-json\/wp\/v2\/media\/2556"}],"wp:attachment":[{"href":"https:\/\/lifejr.com\/vi\/wp-json\/wp\/v2\/media?parent=2816"}],"curies":[{"name":"wp","href":"https:\/\/api.w.org\/{rel}","templated":true}]}}