{"id":2845,"date":"2023-02-08T16:14:29","date_gmt":"2023-02-08T07:14:29","guid":{"rendered":"https:\/\/lifejr.com\/con-duong-su-nghiep-sau-khi-tot-nghiep\/"},"modified":"2023-06-22T13:06:45","modified_gmt":"2023-06-22T04:06:45","slug":"con-duong-su-nghiep-sau-khi-tot-nghiep","status":"publish","type":"page","link":"https:\/\/lifejr.com\/vi\/con-duong-su-nghiep-sau-khi-tot-nghiep\/","title":{"rendered":"Con \u0111\u01b0\u1eddng s\u1ef1 nghi\u1ec7p sau khi t\u1ed1t nghi\u1ec7p"},"content":{"rendered":"\n<aside class=\"wp-block-snow-monkey-blocks-section smb-section smb-section--fit\" style=\"--smb-section--background-color:#ffffff\"><div class=\"smb-section__fixed-background\"><div class=\"smb-section__background\"><\/div><\/div><div class=\"smb-section__inner\"><div class=\"c-container\"><div class=\"smb-section__contents-wrapper\"><div class=\"smb-section__body\">\n<p class=\"has-text-align-center\"><strong>C\u00f4 gi\u00e1o ch\u1ee7 nhi\u1ec7m, c\u00e1n b\u1ed9 b\u1ed9 m\u00f4n c\u00f9ng to\u00e0n th\u1ec3 c\u00e1n b\u1ed9 gi\u00e1o vi\u00ean trong khoa<\/strong><br\/><strong>Ch\u00fang t\u00f4i s\u1ebd h\u1ed7 tr\u1ee3 b\u1ea1n h\u01b0\u1edbng t\u1edbi m\u1ee5c ti\u00eau ngh\u1ec1 nghi\u1ec7p c\u1ee7a b\u1ea1n.<\/strong><\/p>\n\n\n\n<div style=\"height:20px\" aria-hidden=\"true\" class=\"wp-block-spacer sme-hidden-sm\"><\/div>\n\n\n\n<p class=\"has-text-align-center is-style-default has-background\" style=\"background-color:#8dd2fc54;font-size:26px\"><strong>T\u1ed1t nghi\u1ec7p tr\u01b0\u1eddng Nh\u1eadt ng\u1eef Life Junior<\/strong><\/p>\n\n\n\n<div class=\"wp-block-columns is-not-stacked-on-mobile is-layout-flex wp-container-4\">\n<div class=\"wp-block-column is-layout-flow\">\n<figure class=\"wp-block-image aligncenter size-full is-resized\"><img decoding=\"async\" loading=\"lazy\" src=\"https:\/\/lifejr.com\/wp-content\/uploads\/2023\/03\/&#x3084;&#x3058;&#x308B;&#x3057;1-2.png\" alt=\"\" class=\"wp-image-1255\" width=\"192\" height=\"206\"\/><\/figure>\n\n\n<p class=\"has-text-align-center has-background\" style=\"background-color:#f7dfdf;font-size:22px\"><strong>Ti\u1ebfp t\u1ee5c h\u1ecdc cao h\u01a1n<\/strong><\/p>\n<\/div>\n\n\n\n<div class=\"wp-block-column is-layout-flow\">\n<figure class=\"wp-block-image aligncenter size-full is-resized\"><img decoding=\"async\" loading=\"lazy\" src=\"https:\/\/lifejr.com\/wp-content\/uploads\/2023\/03\/&#x3084;&#x3058;&#x308B;&#x3057;2-1.png\" alt=\"\" class=\"wp-image-1256\" width=\"192\" height=\"206\"\/><\/figure>\n\n\n<div class=\"wp-block-group is-layout-constrained\">\n<p class=\"has-text-align-center has-background\" style=\"background-color:#dcf4cc;font-size:22px\"><strong>t\u00ecm vi\u1ec7c<\/strong><\/p>\n<\/div>\n<\/div>\n<\/div>\n\n\n\n<div style=\"height:10px\" aria-hidden=\"true\" class=\"wp-block-spacer sme-hidden-sm\"><\/div>\n\n\n\n<h2 class=\"wp-block-heading has-background\" style=\"background-color:#f7dfdf\"><strong>Ti\u1ebfp t\u1ee5c h\u1ecdc cao h\u01a1n<\/strong><\/h2>\n\n\n\n<p>Sau khi t\u1ed1t nghi\u1ec7p tr\u01b0\u1eddng Nh\u1eadt ng\u1eef, h\u1ecdc sinh h\u1ecdc ti\u1ebfp l\u00ean c\u00e1c tr\u01b0\u1eddng <span style=\"color: #cf2e2e\" class=\"sme-text-color\"><strong>\u0111\u1ea1i h\u1ecdc<\/strong> ,<\/span> <strong><span style=\"color: #cf2e2e\" class=\"sme-text-color\">tr\u01b0\u1eddng d\u1ea1y ngh\u1ec1<\/span><\/strong> trong v\u00e0 ngo\u00e0i t\u1ec9nh \u0111\u1ec3 n\u00e2ng cao ki\u1ebfn \u200b\u200bth\u1ee9c chuy\u00ean ng\u00e0nh.<\/p>\n\n\n\n<p>Life Junior College (Khoa Du l\u1ecbch, Khoa Kinh doanh Qu\u1ed1c t\u1ebf) l\u00e0 m\u1ed9t tr\u01b0\u1eddng li\u00ean k\u1ebft, v\u00e0 nhi\u1ec1u sinh vi\u00ean chuy\u1ec3n ti\u1ebfp l\u00ean Life Junior College b\u1eb1ng <strong><span style=\"color: #cf2e2e\" class=\"sme-text-color\">h\u1ec7 th\u1ed1ng th\u0103ng ti\u1ebfn n\u1ed9i b\u1ed9<\/span><\/strong> .<br\/>Sau khi t\u1ed1t nghi\u1ec7p, nhi\u1ec1u sinh vi\u00ean t\u00ecm \u0111\u01b0\u1ee3c vi\u1ec7c l\u00e0m v\u1edbi ngu\u1ed3n nh\u00e2n l\u1ef1c tay ngh\u1ec1 cao.<\/p>\n\n\n\n<figure class=\"wp-block-image size-large\"><img decoding=\"async\" src=\"https:\/\/lifejr.com\/wp-content\/uploads\/2023\/05\/&#x5C02;&#x30E9;&#x8AAC;&#x660E;&#x4F1A;&#x307D;&#x3044;&#x306E;&#x524D;&#x304B;&#x3089;-1024x683.jpeg\" alt=\"\" class=\"wp-image-1394\"\/><\/figure>\n\n\n<div style=\"height:40px\" aria-hidden=\"true\" class=\"wp-block-spacer sme-hidden-sm\"><\/div>\n\n\n\n<h2 class=\"wp-block-heading has-background\" style=\"background-color:#dbf4cb\"><strong>Vi\u1ec7c l\u00e0m<\/strong> (k\u1ef9 n\u0103ng c\u1ee5 th\u1ec3)<\/h2>\n\n\n\n<p>Trong th\u1eddi gian h\u1ecdc t\u1ea1i tr\u01b0\u1eddng d\u1ea1y ti\u1ebfng Nh\u1eadt, b\u1ea1n c\u00f3 th\u1ec3 \u0111\u1ea1t \u0111\u01b0\u1ee3c N4 tr\u1edf l\u00ean trong k\u1ef3 thi n\u0103ng l\u1ef1c ti\u1ebfng Nh\u1eadt v\u00e0 k\u1ef3 thi chuy\u00ean ng\u00e0nh, v\u00e0 sau khi t\u1ed1t nghi\u1ec7p, b\u1ea1n c\u00f3 th\u1ec3 l\u00e0m vi\u1ec7c t\u1ea1i Nh\u1eadt B\u1ea3n v\u1edbi <strong>th\u1ecb th\u1ef1c <span style=\"color: #cf2e2e\" class=\"sme-text-color\">k\u1ef9 n\u0103ng c\u1ee5 th\u1ec3<\/span><\/strong> .<\/p>\n\n\n\n<figure class=\"wp-block-image size-full\"><img decoding=\"async\" src=\"https:\/\/lifejr.com\/wp-content\/uploads\/2023\/03\/5&#x30DA;&#x30FC;&#x30B8;&#x5C31;&#x8077;&#x7279;&#x5B9A;&#x6280;&#x80FD;&#x4ECB;&#x8B77;-1.jpeg\" alt=\"\" class=\"wp-image-1183\"\/><\/figure>\n\n\n<div style=\"height:40px\" aria-hidden=\"true\" class=\"wp-block-spacer sme-hidden-sm\"><\/div>\n\n\n\n<h2 class=\"wp-block-heading has-background\" style=\"background-color:#dbf4cb\"><strong>Vi\u1ec7c l\u00e0m<\/strong> (K\u1ef9 s\u01b0\/Chuy\u00ean gia Nh\u00e2n v\u0103n\/D\u1ecbch v\u1ee5 Qu\u1ed1c t\u1ebf)<\/h2>\n\n\n\n<p>Nh\u1eefng ng\u01b0\u1eddi \u0111\u00e3 c\u00f3 b\u1eb1ng c\u1eed nh\u00e2n tr\u1edf l\u00ean \u1edf n\u01b0\u1edbc h\u1ecd c\u00f3 th\u1ec3 l\u00e0m vi\u1ec7c t\u1ea1i Nh\u1eadt B\u1ea3n <strong>v\u1edbi t\u01b0 c\u00e1ch l\u00e0 <span style=\"color: #cf2e2e\" class=\"sme-text-color\">ngu\u1ed3n nh\u00e2n l\u1ef1c chuy\u00ean m\u00f4n cao<\/span><\/strong> . (Kinh doanh giao d\u1ecbch qu\u1ed1c t\u1ebf, kinh doanh phi\u00ean d\u1ecbch, v.v.)<\/p>\n\n\n\n<figure class=\"wp-block-image size-full\"><img decoding=\"async\" src=\"https:\/\/lifejr.com\/wp-content\/uploads\/2023\/03\/5&#x30DA;&#x30FC;&#x30B8;&#x5C31;&#x8077;&#x6280;&#x8853;&#x4EBA;&#x6587;&#x77E5;&#x8B58;&#x56FD;&#x969B;&#x696D;&#x52D9;&#x30DB;&#x30C6;&#x30EB;-2.jpg\" alt=\"\" class=\"wp-image-1187\"\/><\/figure>\n\n\n<div style=\"height:40px\" aria-hidden=\"true\" class=\"wp-block-spacer sme-hidden-sm\"><\/div>\n\n\n\n<h2 class=\"wp-block-heading\"><strong>Tr\u01b0\u1eddng Nh\u1eadt ng\u1eef Life Junior H\u1ed7 tr\u1ee3 ngh\u1ec1 nghi\u1ec7p<\/strong><\/h2>\n\n\n\n<p>\u30fbPh\u1ecfng v\u1ea5n kh\u00f3a h\u1ecdc<br\/>\u30fbTham gia c\u00e1c h\u1ed9i ch\u1ee3 gi\u00e1o d\u1ee5c \u0111\u1ea1i h\u1ecdc v\u00e0 vi\u1ec7c l\u00e0m<br\/>\u30fbBu\u1ed5i th\u00f4ng tin c\u1ea5p cao t\u1ea1i tr\u01b0\u1eddng h\u1ecdc, h\u1ed9i ch\u1ee3 vi\u1ec7c l\u00e0m<br\/>\u30fbCung c\u1ea5p th\u00f4ng tin v\u1ec1 gi\u00e1o d\u1ee5c n\u00e2ng cao v\u00e0 vi\u1ec7c l\u00e0m<br\/>\u30fbH\u01b0\u1edbng d\u1eabn c\u00e1ch l\u00e0m \u0111\u01a1n \u0111\u0103ng k\u00fd v\u00e0 phi\u1ebfu nh\u1eadp c\u1ea3nh<br\/>\u30fbTh\u1ef1c h\u00e0nh ph\u1ecfng v\u1ea5n<\/p>\n<\/div><\/div><\/div><\/div><\/aside>\n","protected":false},"excerpt":{"rendered":"","protected":false},"author":1,"featured_media":2181,"parent":0,"menu_order":0,"comment_status":"closed","ping_status":"closed","template":"page-templates\/one-column-slim.php","meta":[],"_links":{"self":[{"href":"https:\/\/lifejr.com\/vi\/wp-json\/wp\/v2\/pages\/2845"}],"collection":[{"href":"https:\/\/lifejr.com\/vi\/wp-json\/wp\/v2\/pages"}],"about":[{"href":"https:\/\/lifejr.com\/vi\/wp-json\/wp\/v2\/types\/page"}],"author":[{"embeddable":true,"href":"https:\/\/lifejr.com\/vi\/wp-json\/wp\/v2\/users\/1"}],"replies":[{"embeddable":true,"href":"https:\/\/lifejr.com\/vi\/wp-json\/wp\/v2\/comments?post=2845"}],"version-history":[{"count":5,"href":"https:\/\/lifejr.com\/vi\/wp-json\/wp\/v2\/pages\/2845\/revisions"}],"predecessor-version":[{"id":3175,"href":"https:\/\/lifejr.com\/vi\/wp-json\/wp\/v2\/pages\/2845\/revisions\/3175"}],"wp:featuredmedia":[{"embeddable":true,"href":"https:\/\/lifejr.com\/vi\/wp-json\/wp\/v2\/media\/2181"}],"wp:attachment":[{"href":"https:\/\/lifejr.com\/vi\/wp-json\/wp\/v2\/media?parent=2845"}],"curies":[{"name":"wp","href":"https:\/\/api.w.org\/{rel}","templated":true}]}}