{"id":2854,"date":"2023-02-08T16:14:29","date_gmt":"2023-02-08T07:14:29","guid":{"rendered":"https:\/\/lifejr.com\/ho-tro-viec-lam\/"},"modified":"2023-06-23T11:17:51","modified_gmt":"2023-06-23T02:17:51","slug":"ho-tro-viec-lam","status":"publish","type":"page","link":"https:\/\/lifejr.com\/vi\/ho-tro-viec-lam\/","title":{"rendered":"h\u1ed7 tr\u1ee3 vi\u1ec7c l\u00e0m"},"content":{"rendered":"\n<aside class=\"wp-block-snow-monkey-blocks-section smb-section smb-section--fit\" style=\"--smb-section--background-color:var(--_color-white)\"><div class=\"smb-section__fixed-background\"><div class=\"smb-section__background\"><\/div><\/div><div class=\"smb-section__inner\"><div class=\"c-container\"><div class=\"smb-section__contents-wrapper\"><div class=\"smb-section__body\">\n<div class=\"wp-block-group is-layout-constrained\">\n<p class=\"has-text-align-center\"><strong>H\u1ecdc vi\u1ec7n Nh\u1eadt ng\u1eef Life Junior cung c\u1ea5p h\u1ed7 tr\u1ee3 ngh\u1ec1 nghi\u1ec7p cho sinh vi\u00ean n\u01b0\u1edbc ngo\u00e0i v\u00e0 h\u1ed7 tr\u1ee3 vi\u1ec7c l\u00e0m cho c\u00e1c c\u00f4ng ty mu\u1ed1n tuy\u1ec3n d\u1ee5ng ng\u01b0\u1eddi n\u01b0\u1edbc ngo\u00e0i.<\/strong><\/p>\n\n\n\n<p class=\"has-text-align-center\"><strong>C\u00e1c gi\u1ea3ng vi\u00ean v\u00e0 nh\u00e2n vi\u00ean s\u1ebd l\u00e0m vi\u1ec7c c\u00f9ng v\u1edbi b\u1ea1n t\u1eeb gi\u1ea3i th\u00edch h\u1ec7 th\u1ed1ng \u0111\u1ec3 cung c\u1ea5p h\u1ed7 tr\u1ee3 sau khi l\u00e0m vi\u1ec7c, b\u1ea1n c\u00f3 th\u1ec3 ch\u1ea5p nh\u1eadn n\u00f3 m\u1ed9t c\u00e1ch to\u00e0n t\u00e2m to\u00e0n \u00fd.<\/strong><\/p>\n\n\n\n<figure class=\"wp-block-gallery has-nested-images columns-2 is-cropped wp-block-gallery-1 is-layout-flex\">\n<figure class=\"wp-block-image size-large\"><img decoding=\"async\" loading=\"lazy\" width=\"1024\" height=\"768\" src=\"https:\/\/lifejr.com\/wp-content\/uploads\/2023\/05\/\u5efa\u7bc9-1024x768.jpg\" alt=\"\" class=\"wp-image-1396\" srcset=\"https:\/\/lifejr.com\/wp-content\/uploads\/2023\/05\/\u5efa\u7bc9-1024x768.jpg 1024w, https:\/\/lifejr.com\/wp-content\/uploads\/2023\/05\/\u5efa\u7bc9-300x225.jpg 300w, https:\/\/lifejr.com\/wp-content\/uploads\/2023\/05\/\u5efa\u7bc9-768x576.jpg 768w, https:\/\/lifejr.com\/wp-content\/uploads\/2023\/05\/\u5efa\u7bc9-1536x1152.jpg 1536w, https:\/\/lifejr.com\/wp-content\/uploads\/2023\/05\/\u5efa\u7bc9-1920x1440.jpg 1920w, https:\/\/lifejr.com\/wp-content\/uploads\/2023\/05\/\u5efa\u7bc9-24x18.jpg 24w, https:\/\/lifejr.com\/wp-content\/uploads\/2023\/05\/\u5efa\u7bc9-36x27.jpg 36w, https:\/\/lifejr.com\/wp-content\/uploads\/2023\/05\/\u5efa\u7bc9-48x36.jpg 48w\" sizes=\"(max-width: 1024px) 100vw, 1024px\" \/><\/figure>\n\n\n\n<figure class=\"wp-block-image size-full\"><img decoding=\"async\" loading=\"lazy\" width=\"720\" height=\"575\" src=\"https:\/\/lifejr.com\/wp-content\/uploads\/2023\/03\/1-2.jpg\" alt=\"\" class=\"wp-image-1185\" srcset=\"https:\/\/lifejr.com\/wp-content\/uploads\/2023\/03\/1-2.jpg 720w, https:\/\/lifejr.com\/wp-content\/uploads\/2023\/03\/1-2-300x240.jpg 300w, https:\/\/lifejr.com\/wp-content\/uploads\/2023\/03\/1-2-24x19.jpg 24w, https:\/\/lifejr.com\/wp-content\/uploads\/2023\/03\/1-2-36x29.jpg 36w, https:\/\/lifejr.com\/wp-content\/uploads\/2023\/03\/1-2-48x38.jpg 48w\" sizes=\"(max-width: 720px) 100vw, 720px\" \/><\/figure>\n\n\n\n<figure class=\"wp-block-image size-large\"><img decoding=\"async\" loading=\"lazy\" width=\"1024\" height=\"682\" src=\"https:\/\/lifejr.com\/wp-content\/uploads\/2023\/03\/5\u30da\u30fc\u30b8\u5c31\u8077\u7279\u5b9a\u6280\u80fd\u4ecb\u8b77-2-1024x682.jpeg\" alt=\"\" class=\"wp-image-1186\" srcset=\"https:\/\/lifejr.com\/wp-content\/uploads\/2023\/03\/5\u30da\u30fc\u30b8\u5c31\u8077\u7279\u5b9a\u6280\u80fd\u4ecb\u8b77-2-1024x682.jpeg 1024w, https:\/\/lifejr.com\/wp-content\/uploads\/2023\/03\/5\u30da\u30fc\u30b8\u5c31\u8077\u7279\u5b9a\u6280\u80fd\u4ecb\u8b77-2-300x200.jpeg 300w, https:\/\/lifejr.com\/wp-content\/uploads\/2023\/03\/5\u30da\u30fc\u30b8\u5c31\u8077\u7279\u5b9a\u6280\u80fd\u4ecb\u8b77-2-768x511.jpeg 768w, https:\/\/lifejr.com\/wp-content\/uploads\/2023\/03\/5\u30da\u30fc\u30b8\u5c31\u8077\u7279\u5b9a\u6280\u80fd\u4ecb\u8b77-2-24x16.jpeg 24w, https:\/\/lifejr.com\/wp-content\/uploads\/2023\/03\/5\u30da\u30fc\u30b8\u5c31\u8077\u7279\u5b9a\u6280\u80fd\u4ecb\u8b77-2-36x24.jpeg 36w, https:\/\/lifejr.com\/wp-content\/uploads\/2023\/03\/5\u30da\u30fc\u30b8\u5c31\u8077\u7279\u5b9a\u6280\u80fd\u4ecb\u8b77-2-48x32.jpeg 48w, https:\/\/lifejr.com\/wp-content\/uploads\/2023\/03\/5\u30da\u30fc\u30b8\u5c31\u8077\u7279\u5b9a\u6280\u80fd\u4ecb\u8b77-2.jpeg 1437w\" sizes=\"(max-width: 1024px) 100vw, 1024px\" \/><\/figure>\n\n\n\n<figure class=\"wp-block-image size-large\"><img decoding=\"async\" loading=\"lazy\" width=\"1024\" height=\"768\" src=\"https:\/\/lifejr.com\/wp-content\/uploads\/2023\/03\/5\u30da\u30fc\u30b8\u30a4\u30f3\u30bf\u30fc\u30f3\u30b7\u30c3\u30d7\u30a6\u30a8\u30b9\u30c8\u30de\u30ea\u30f3-2-1-1024x768.jpg\" alt=\"\" class=\"wp-image-1188\" srcset=\"https:\/\/lifejr.com\/wp-content\/uploads\/2023\/03\/5\u30da\u30fc\u30b8\u30a4\u30f3\u30bf\u30fc\u30f3\u30b7\u30c3\u30d7\u30a6\u30a8\u30b9\u30c8\u30de\u30ea\u30f3-2-1-1024x768.jpg 1024w, https:\/\/lifejr.com\/wp-content\/uploads\/2023\/03\/5\u30da\u30fc\u30b8\u30a4\u30f3\u30bf\u30fc\u30f3\u30b7\u30c3\u30d7\u30a6\u30a8\u30b9\u30c8\u30de\u30ea\u30f3-2-1-300x225.jpg 300w, https:\/\/lifejr.com\/wp-content\/uploads\/2023\/03\/5\u30da\u30fc\u30b8\u30a4\u30f3\u30bf\u30fc\u30f3\u30b7\u30c3\u30d7\u30a6\u30a8\u30b9\u30c8\u30de\u30ea\u30f3-2-1-768x576.jpg 768w, https:\/\/lifejr.com\/wp-content\/uploads\/2023\/03\/5\u30da\u30fc\u30b8\u30a4\u30f3\u30bf\u30fc\u30f3\u30b7\u30c3\u30d7\u30a6\u30a8\u30b9\u30c8\u30de\u30ea\u30f3-2-1-1536x1152.jpg 1536w, https:\/\/lifejr.com\/wp-content\/uploads\/2023\/03\/5\u30da\u30fc\u30b8\u30a4\u30f3\u30bf\u30fc\u30f3\u30b7\u30c3\u30d7\u30a6\u30a8\u30b9\u30c8\u30de\u30ea\u30f3-2-1-1920x1440.jpg 1920w, https:\/\/lifejr.com\/wp-content\/uploads\/2023\/03\/5\u30da\u30fc\u30b8\u30a4\u30f3\u30bf\u30fc\u30f3\u30b7\u30c3\u30d7\u30a6\u30a8\u30b9\u30c8\u30de\u30ea\u30f3-2-1-24x18.jpg 24w, https:\/\/lifejr.com\/wp-content\/uploads\/2023\/03\/5\u30da\u30fc\u30b8\u30a4\u30f3\u30bf\u30fc\u30f3\u30b7\u30c3\u30d7\u30a6\u30a8\u30b9\u30c8\u30de\u30ea\u30f3-2-1-36x27.jpg 36w, https:\/\/lifejr.com\/wp-content\/uploads\/2023\/03\/5\u30da\u30fc\u30b8\u30a4\u30f3\u30bf\u30fc\u30f3\u30b7\u30c3\u30d7\u30a6\u30a8\u30b9\u30c8\u30de\u30ea\u30f3-2-1-48x36.jpg 48w\" sizes=\"(max-width: 1024px) 100vw, 1024px\" \/><\/figure>\n<\/figure>\n\n\n\n<h2 class=\"wp-block-heading\">H\u1ec7 th\u1ed1ng k\u1ef9 n\u0103ng c\u1ee5 th\u1ec3 l\u00e0 g\u00ec<\/h2>\n\n\n\n<p>Ng\u01b0\u1eddi n\u01b0\u1edbc ngo\u00e0i c\u00f3 tr\u00ecnh \u0111\u1ed9 ti\u1ebfng Nh\u1eadt nh\u1ea5t \u0111\u1ecbnh v\u00e0 ki\u1ebfn \u200b\u200bth\u1ee9c c\u01a1 b\u1ea3n trong t\u1eebng l\u0129nh v\u1ef1c s\u1ebd c\u00f3 th\u1ec3 l\u00e0m vi\u1ec7c trong c\u00e1c l\u0129nh v\u1ef1c c\u00f4ng nghi\u1ec7p c\u1ee5 th\u1ec3 nh\u01b0 doanh nghi\u1ec7p v\u1eeba v\u00e0 nh\u1ecf.<\/p>\n\n\n\n<p>V\u00ec tr\u01b0\u1eddng n\u00e0y l\u00e0 m\u1ed9t &#8220;t\u1ed5 ch\u1ee9c h\u1ed7 tr\u1ee3 \u0111\u0103ng k\u00fd&#8221; k\u1ef9 n\u0103ng c\u1ee5 th\u1ec3, n\u00ean c\u00e1c gi\u1ea3ng vi\u00ean v\u00e0 nh\u00e2n vi\u00ean s\u1ebd h\u1ed7 tr\u1ee3 sau khi \u0111\u01b0\u1ee3c ch\u1ea5p nh\u1eadn<br><\/p>\n\n\n\n<h2 class=\"wp-block-heading\">H\u1ec7 th\u1ed1ng th\u1ef1c t\u1eadp l\u00e0 g\u00ec?<\/h2>\n\n\n\n<p>Sinh vi\u00ean theo h\u1ecdc t\u1ea1i c\u00e1c tr\u01b0\u1eddng \u0111\u1ea1i h\u1ecdc \u1edf n\u01b0\u1edbc ngo\u00e0i c\u00f3 \u0111\u01b0\u1ee3c kinh nghi\u1ec7m l\u00e0m vi\u1ec7c trong l\u0129nh v\u1ef1c li\u00ean quan \u0111\u1ebfn chuy\u00ean ng\u00e0nh v\u00e0 ngh\u1ec1 nghi\u1ec7p t\u01b0\u01a1ng lai c\u1ee7a h\u1ecd t\u1ea1i m\u1ed9t c\u00f4ng ty Nh\u1eadt B\u1ea3n.<br><br>V\u1edbi t\u01b0 c\u00e1ch l\u00e0 ng\u01b0\u1eddi li\u00ean l\u1ea1c v\u1edbi tr\u01b0\u1eddng \u0111\u1ea1i h\u1ecdc \u0111\u1ecba ph\u01b0\u01a1ng, ch\u00fang t\u00f4i s\u1ebd h\u1ed7 tr\u1ee3 b\u1ea1n \u0111\u1ec3 b\u1ea1n c\u00f3 m\u1ed9t k\u1ef3 th\u1ef1c t\u1eadp tr\u1ecdn v\u1eb9n.<\/p>\n\n\n\n<h2 class=\"wp-block-heading 1212 has-background\" style=\"background-color:#fcdadb\">L\u00e0m b\u1ea1n c\u00f3 b\u1ea5t k\u1ef3 v\u1ea5n \u0111\u1ec1?<\/h2>\n\n\n\n<ul>\n<li>T\u00f4i mu\u1ed1n s\u1eed d\u1ee5ng ng\u01b0\u1eddi n\u01b0\u1edbc ngo\u00e0i \u0111\u1ec3 t\u0103ng c\u01b0\u1eddng kh\u1ea3 n\u0103ng c\u1ea1nh tranh c\u1ee7a c\u00e1c c\u00f4ng ty v\u00e0 th\u00fac \u0111\u1ea9y qu\u1ed1c t\u1ebf h\u00f3a<\/li>\n\n\n\n<li>T\u00f4i kh\u00f4ng bi\u1ebft h\u1ec7 th\u1ed1ng v\u00e0 c\u00e1c \u0111i\u1ec1u ki\u1ec7n li\u00ean quan \u0111\u1ebfn th\u1ecb th\u1ef1c, v\u00e0 r\u1ea5t kh\u00f3 \u0111\u1ec3 t\u00f4i t\u1ef1 m\u00ecnh gi\u1ea3i quy\u1ebft c\u00e1c th\u1ee7 t\u1ee5c gi\u1ea5y t\u1edd.<\/li>\n\n\n\n<li>Ch\u01b0a c\u00f3 kinh nghi\u1ec7m ti\u1ebfp nh\u1eadn ng\u01b0\u1eddi n\u01b0\u1edbc ngo\u00e0i, lo l\u1eafng v\u1ec1 vi\u1ec7c l\u00e0m kh\u00f4ng ph\u00f9 h\u1ee3p v\u00e0 h\u1ed7 tr\u1ee3 sau tuy\u1ec3n d\u1ee5ng<\/li>\n<\/ul>\n\n\n\n<h2 class=\"wp-block-heading\">Lu\u1ed3ng h\u1ed7 tr\u1ee3 vi\u1ec7c l\u00e0m<\/h2>\n\n\n\n<div class=\"wp-block-snow-monkey-blocks-step smb-step\"><div class=\"smb-step__body\">\n<div class=\"wp-block-snow-monkey-blocks-step-item-free smb-step__item\" style=\"--smb-step--number-background-color:#33a1db\"><div class=\"smb-step__item__title\"><div class=\"smb-step__item__number\"><\/div><span>cu\u1ed9c \u0111i\u1ec1u tra<\/span><\/div><div class=\"smb-step__item__body\"><div class=\"smb-step__item__summary\">\n<p>Vui l\u00f2ng li\u00ean h\u1ec7 v\u1edbi ch\u00fang t\u00f4i qua m\u1eabu y\u00eau c\u1ea7u ho\u1eb7c qua \u0111i\u1ec7n tho\u1ea1i.<\/p>\n<\/div><\/div><\/div>\n\n\n\n<div class=\"wp-block-snow-monkey-blocks-step-item-free smb-step__item\" style=\"--smb-step--number-background-color:#33a1db\"><div class=\"smb-step__item__title\"><div class=\"smb-step__item__number\"><\/div><span>gi\u1ea3i th\u00edch h\u1ec7 th\u1ed1ng<\/span><\/div><div class=\"smb-step__item__body\"><div class=\"smb-step__item__summary\">\n<p>Tr\u1ef1c ti\u1ebfp ho\u1eb7c tr\u1ef1c tuy\u1ebfn, ch\u00fang t\u00f4i s\u1ebd gi\u1ea3i th\u00edch c\u00e1c lo\u1ea1i v\u00e0 h\u1ec7 th\u1ed1ng th\u1ecb th\u1ef1c lao \u0111\u1ed9ng cho ng\u01b0\u1eddi n\u01b0\u1edbc ngo\u00e0i.<\/p>\n<\/div><\/div><\/div>\n\n\n\n<div class=\"wp-block-snow-monkey-blocks-step-item-free smb-step__item\" style=\"--smb-step--number-background-color:#33a1db\"><div class=\"smb-step__item__title\"><div class=\"smb-step__item__number\"><\/div><span>Tuy\u1ec3n d\u1ee5ng\/Ph\u1ecfng v\u1ea5n<\/span><\/div><div class=\"smb-step__item__body\"><div class=\"smb-step__item__summary\">\n<p>Ch\u00fang t\u00f4i s\u1ebd tuy\u1ec3n d\u1ee5ng d\u1ef1a tr\u00ean c\u00e1c \u0111i\u1ec1u ki\u1ec7n ch\u1ea5p nh\u1eadn v\u00e0 cung c\u1ea5p h\u1ed7 tr\u1ee3 trong c\u00e1c cu\u1ed9c ph\u1ecfng v\u1ea5n khi c\u1ea7n thi\u1ebft.<\/p>\n<\/div><\/div><\/div>\n\n\n\n<div class=\"wp-block-snow-monkey-blocks-step-item-free smb-step__item\" style=\"--smb-step--number-background-color:#33a1db\"><div class=\"smb-step__item__title\"><div class=\"smb-step__item__number\"><\/div><span>\u0111\u01a1n xin th\u1ecb th\u1ef1c<\/span><\/div><div class=\"smb-step__item__body\"><div class=\"smb-step__item__summary\">\n<p>Ch\u00fang t\u00f4i chu\u1ea9n b\u1ecb c\u00e1c t\u00e0i li\u1ec7u li\u00ean quan \u0111\u1ebfn \u0111\u01a1n xin th\u1ecb th\u1ef1c \u0111\u1ec3 n\u1ed9p cho C\u1ee5c qu\u1ea3n l\u00fd xu\u1ea5t nh\u1eadp c\u1ea3nh.<br>* \u1ee8ng d\u1ee5ng m\u00f4i gi\u1edbi<\/p>\n<\/div><\/div><\/div>\n\n\n\n<div class=\"wp-block-snow-monkey-blocks-step-item-free smb-step__item\" style=\"--smb-step--number-background-color:#33a1db\"><div class=\"smb-step__item__title\"><div class=\"smb-step__item__number\"><\/div><span>b\u1eaft \u0111\u1ea7u ch\u1ea5p nh\u1eadn<\/span><\/div><div class=\"smb-step__item__body\"><div class=\"smb-step__item__summary\">\n<p>Tr\u01b0\u1eddng Nh\u1eadt ng\u1eef Life Junior s\u1ebd ti\u1ebfp t\u1ee5c h\u1ed7 tr\u1ee3.<\/p>\n<\/div><\/div><\/div>\n<\/div><\/div>\n\n\n\n<div style=\"height:40px\" aria-hidden=\"true\" class=\"wp-block-spacer sme-hidden-sm\"><\/div>\n\n\n\n<div class=\"wp-block-snow-monkey-blocks-buttons smb-buttons is-content-justification-center\">\n<div class=\"wp-block-snow-monkey-blocks-btn smb-btn-wrapper smb-btn-wrapper--more-wider\"><a class=\"smb-btn smb-btn--more-wider\" href=\"http:\/\/lifejr-com.check-xserver.jp\/contact\/\"><span class=\"smb-btn__label\"><strong>Li\u00ean h\u1ec7 ch\u00fang t\u00f4i<\/strong><\/span><\/a><\/div>\n<\/div>\n<\/div>\n<\/div><\/div><\/div><\/div><\/aside>\n","protected":false},"excerpt":{"rendered":"","protected":false},"author":1,"featured_media":2561,"parent":0,"menu_order":0,"comment_status":"closed","ping_status":"closed","template":"page-templates\/one-column-slim.php","meta":[],"_links":{"self":[{"href":"https:\/\/lifejr.com\/vi\/wp-json\/wp\/v2\/pages\/2854"}],"collection":[{"href":"https:\/\/lifejr.com\/vi\/wp-json\/wp\/v2\/pages"}],"about":[{"href":"https:\/\/lifejr.com\/vi\/wp-json\/wp\/v2\/types\/page"}],"author":[{"embeddable":true,"href":"https:\/\/lifejr.com\/vi\/wp-json\/wp\/v2\/users\/1"}],"replies":[{"embeddable":true,"href":"https:\/\/lifejr.com\/vi\/wp-json\/wp\/v2\/comments?post=2854"}],"version-history":[{"count":22,"href":"https:\/\/lifejr.com\/vi\/wp-json\/wp\/v2\/pages\/2854\/revisions"}],"predecessor-version":[{"id":3761,"href":"https:\/\/lifejr.com\/vi\/wp-json\/wp\/v2\/pages\/2854\/revisions\/3761"}],"wp:featuredmedia":[{"embeddable":true,"href":"https:\/\/lifejr.com\/vi\/wp-json\/wp\/v2\/media\/2561"}],"wp:attachment":[{"href":"https:\/\/lifejr.com\/vi\/wp-json\/wp\/v2\/media?parent=2854"}],"curies":[{"name":"wp","href":"https:\/\/api.w.org\/{rel}","templated":true}]}}